{"id":11005,"date":"2025-10-14T11:01:35","date_gmt":"2025-10-14T11:01:35","guid":{"rendered":"https:\/\/pedagogspecjalny.pl\/?post_type=product&#038;p=11005"},"modified":"2025-11-08T15:57:55","modified_gmt":"2025-11-08T15:57:55","slug":"gazetka-zasady-zachowania-w-bibliotece","status":"publish","type":"product","link":"https:\/\/pedagogspecjalny.pl\/en\/product\/gazetka-zasady-zachowania-w-bibliotece\/","title":{"rendered":"Gazetka &#8211; zasady zachowania w bibliotece"},"content":{"rendered":"<p>Zasady zachowania si\u0119 w bibliotece szkolnej. Gotowa gazetka do wydruku sk\u0142adaj\u0105ca si\u0119 z 13 plakat\u00f3w A4. 2 wersje: oficjalna i humorystyczna. Ciekawe has\u0142a i przyci\u0105gaj\u0105ce wzrok grafiki. Format PDF.<\/p>","protected":false},"excerpt":{"rendered":"<p>Zasady zachowania si\u0119 w bibliotece szkolnej. Gotowa gazetka do wydruku sk\u0142adaj\u0105ca si\u0119 z 13 plakat\u00f3w A4. 2 wersje: oficjalna i humorystyczna. Ciekawe has\u0142a i przyci\u0105gaj\u0105ce wzrok grafiki. Format PDF.<\/p>","protected":false},"featured_media":11009,"template":"","meta":[],"product_brand":[],"product_cat":[15],"product_tag":[],"class_list":{"0":"post-11005","1":"product","2":"type-product","3":"status-publish","4":"has-post-thumbnail","6":"product_cat-uncategorized","8":"first","9":"instock","10":"sale","11":"downloadable","12":"virtual","13":"purchasable","14":"product-type-simple"},"_links":{"self":[{"href":"https:\/\/pedagogspecjalny.pl\/en\/wp-json\/wp\/v2\/product\/11005","targetHints":{"allow":["GET"]}}],"collection":[{"href":"https:\/\/pedagogspecjalny.pl\/en\/wp-json\/wp\/v2\/product"}],"about":[{"href":"https:\/\/pedagogspecjalny.pl\/en\/wp-json\/wp\/v2\/types\/product"}],"wp:featuredmedia":[{"embeddable":true,"href":"https:\/\/pedagogspecjalny.pl\/en\/wp-json\/wp\/v2\/media\/11009"}],"wp:attachment":[{"href":"https:\/\/pedagogspecjalny.pl\/en\/wp-json\/wp\/v2\/media?parent=11005"}],"wp:term":[{"taxonomy":"product_brand","embeddable":true,"href":"https:\/\/pedagogspecjalny.pl\/en\/wp-json\/wp\/v2\/product_brand?post=11005"},{"taxonomy":"product_cat","embeddable":true,"href":"https:\/\/pedagogspecjalny.pl\/en\/wp-json\/wp\/v2\/product_cat?post=11005"},{"taxonomy":"product_tag","embeddable":true,"href":"https:\/\/pedagogspecjalny.pl\/en\/wp-json\/wp\/v2\/product_tag?post=11005"}],"curies":[{"name":"wp","href":"https:\/\/api.w.org\/{rel}","templated":true}]}}