{"id":11251,"date":"2025-11-08T16:08:51","date_gmt":"2025-11-08T16:08:51","guid":{"rendered":"https:\/\/pedagogspecjalny.pl\/?post_type=product&#038;p=11251"},"modified":"2025-11-08T16:08:51","modified_gmt":"2025-11-08T16:08:51","slug":"scenariusz-dzien-pluszowego-misia","status":"publish","type":"product","link":"https:\/\/pedagogspecjalny.pl\/en\/product\/scenariusz-dzien-pluszowego-misia\/","title":{"rendered":"Scenariusz dzie\u0144 pluszowego misia"},"content":{"rendered":"<div>Scenariusz &#8222;Dzie\u0144 pluszowego misia&#8221;. Gotowy do realizacji. Format WORD do edycji (za\u0142\u0105czniki w formie pdf).\u00a0 Dodatkowo wzory kart pracy oraz dyplom do wydruku.<\/div>\n<div><\/div>\n<div><strong>UWAGA! PO ZAKUPIE PROSZ\u0118 SPRAWDZI\u0106, CZY E-MAIL NIE TRAFI\u0141 DO SPAMU.<\/strong><\/div>","protected":false},"excerpt":{"rendered":"<p>Scenariusz &#8222;Dzie\u0144 pluszowego misia&#8221;. Gotowy do realizacji. Format WORD do edycji (za\u0142\u0105czniki w formie pdf).\u00a0 Dodatkowo wzory kart pracy oraz dyplom do wydruku. UWAGA! PO ZAKUPIE PROSZ\u0118 SPRAWDZI\u0106, CZY E-MAIL NIE TRAFI\u0141 DO SPAMU.<\/p>","protected":false},"featured_media":11255,"template":"","meta":[],"product_brand":[],"product_cat":[15],"product_tag":[],"class_list":{"0":"post-11251","1":"product","2":"type-product","3":"status-publish","4":"has-post-thumbnail","6":"product_cat-uncategorized","8":"first","9":"instock","10":"downloadable","11":"virtual","12":"purchasable","13":"product-type-simple"},"_links":{"self":[{"href":"https:\/\/pedagogspecjalny.pl\/en\/wp-json\/wp\/v2\/product\/11251","targetHints":{"allow":["GET"]}}],"collection":[{"href":"https:\/\/pedagogspecjalny.pl\/en\/wp-json\/wp\/v2\/product"}],"about":[{"href":"https:\/\/pedagogspecjalny.pl\/en\/wp-json\/wp\/v2\/types\/product"}],"wp:featuredmedia":[{"embeddable":true,"href":"https:\/\/pedagogspecjalny.pl\/en\/wp-json\/wp\/v2\/media\/11255"}],"wp:attachment":[{"href":"https:\/\/pedagogspecjalny.pl\/en\/wp-json\/wp\/v2\/media?parent=11251"}],"wp:term":[{"taxonomy":"product_brand","embeddable":true,"href":"https:\/\/pedagogspecjalny.pl\/en\/wp-json\/wp\/v2\/product_brand?post=11251"},{"taxonomy":"product_cat","embeddable":true,"href":"https:\/\/pedagogspecjalny.pl\/en\/wp-json\/wp\/v2\/product_cat?post=11251"},{"taxonomy":"product_tag","embeddable":true,"href":"https:\/\/pedagogspecjalny.pl\/en\/wp-json\/wp\/v2\/product_tag?post=11251"}],"curies":[{"name":"wp","href":"https:\/\/api.w.org\/{rel}","templated":true}]}}