{"id":12323,"date":"2026-02-26T16:57:37","date_gmt":"2026-02-26T16:57:37","guid":{"rendered":"https:\/\/pedagogspecjalny.pl\/?post_type=product&#038;p=12323"},"modified":"2026-02-26T16:59:14","modified_gmt":"2026-02-26T16:59:14","slug":"swiatowy-dzien-ksiazki-gazetka-konkurs","status":"publish","type":"product","link":"https:\/\/pedagogspecjalny.pl\/en\/product\/swiatowy-dzien-ksiazki-gazetka-konkurs\/","title":{"rendered":"\u015awiatowy dzie\u0144 ksi\u0105\u017cki &#8211; gazetka + konkurs"},"content":{"rendered":"<p>\u015awiatowy dzie\u0144 ksi\u0105\u017cki. Gotowa gazetka do wydruku sk\u0142adaj\u0105ca si\u0119 z 12 plakat\u00f3w A4. Ciekawe has\u0142a i przyci\u0105gaj\u0105ce wzrok grafiki. Format PDF. Mo\u017cliwo\u015b\u0107 wykorzystania jako prezentacji.<\/p>\n<p>Propozycja konkursu fotograficznego z gotowym regulaminem, plakatem oraz dyplomami.\u00a0 Gotowy do realizacji. Format WORD do edycji (za\u0142\u0105czniki w formie pdf).<\/p>\n<div class=\"elementor-element elementor-element-dbe54a7 e-flex e-con-boxed e-con e-parent e-lazyloaded\" data-id=\"dbe54a7\" data-element_type=\"container\" data-e-type=\"container\" data-settings=\"{&quot;background_background&quot;:&quot;classic&quot;}\">\n<div class=\"e-con-inner\">\n<div class=\"elementor-element elementor-element-33e9f36 elementor-grid-mobile-1 elementor-hidden-tablet elementor-hidden-mobile elementor-grid-4 elementor-grid-tablet-3 elementor-products-grid elementor-wc-products elementor-widget elementor-widget-woocommerce-product-related\" data-id=\"33e9f36\" data-element_type=\"widget\" data-e-type=\"widget\" data-widget_type=\"woocommerce-product-related.default\">\n<div class=\"elementor-widget-container\">\n<section class=\"related products\">\n<div><\/div>\n<div><strong>UWAGA! PO ZAKUPIE PROSZ\u0118 SPRAWDZI\u0106, CZY E-MAIL NIE TRAFI\u0141 DO SPAMU.<\/strong><\/div>\n<\/section>\n<\/div>\n<\/div>\n<\/div>\n<\/div>","protected":false},"excerpt":{"rendered":"<p>\u015awiatowy dzie\u0144 ksi\u0105\u017cki. Gotowa gazetka do wydruku sk\u0142adaj\u0105ca si\u0119 z 12 plakat\u00f3w A4. Ciekawe has\u0142a i przyci\u0105gaj\u0105ce wzrok grafiki. Format PDF. Mo\u017cliwo\u015b\u0107 wykorzystania jako prezentacji. Propozycja konkursu fotograficznego z gotowym regulaminem, plakatem oraz dyplomami.\u00a0 Gotowy do realizacji. Format WORD do edycji (za\u0142\u0105czniki w formie pdf). UWAGA! PO ZAKUPIE PROSZ\u0118 SPRAWDZI\u0106, CZY E-MAIL NIE TRAFI\u0141 DO [&hellip;]<\/p>\n","protected":false},"featured_media":12334,"template":"","meta":[],"product_brand":[],"product_cat":[15],"product_tag":[],"class_list":{"0":"post-12323","1":"product","2":"type-product","3":"status-publish","4":"has-post-thumbnail","6":"product_cat-uncategorized","8":"first","9":"instock","10":"downloadable","11":"virtual","12":"purchasable","13":"product-type-simple"},"_links":{"self":[{"href":"https:\/\/pedagogspecjalny.pl\/en\/wp-json\/wp\/v2\/product\/12323","targetHints":{"allow":["GET"]}}],"collection":[{"href":"https:\/\/pedagogspecjalny.pl\/en\/wp-json\/wp\/v2\/product"}],"about":[{"href":"https:\/\/pedagogspecjalny.pl\/en\/wp-json\/wp\/v2\/types\/product"}],"wp:featuredmedia":[{"embeddable":true,"href":"https:\/\/pedagogspecjalny.pl\/en\/wp-json\/wp\/v2\/media\/12334"}],"wp:attachment":[{"href":"https:\/\/pedagogspecjalny.pl\/en\/wp-json\/wp\/v2\/media?parent=12323"}],"wp:term":[{"taxonomy":"product_brand","embeddable":true,"href":"https:\/\/pedagogspecjalny.pl\/en\/wp-json\/wp\/v2\/product_brand?post=12323"},{"taxonomy":"product_cat","embeddable":true,"href":"https:\/\/pedagogspecjalny.pl\/en\/wp-json\/wp\/v2\/product_cat?post=12323"},{"taxonomy":"product_tag","embeddable":true,"href":"https:\/\/pedagogspecjalny.pl\/en\/wp-json\/wp\/v2\/product_tag?post=12323"}],"curies":[{"name":"wp","href":"https:\/\/api.w.org\/{rel}","templated":true}]}}