{"id":12602,"date":"2026-03-19T14:18:14","date_gmt":"2026-03-19T14:18:14","guid":{"rendered":"https:\/\/pedagogspecjalny.pl\/?post_type=product&#038;p=12602"},"modified":"2026-03-19T15:36:32","modified_gmt":"2026-03-19T15:36:32","slug":"rekomendacje-pedagoga-specjalnego","status":"publish","type":"product","link":"https:\/\/pedagogspecjalny.pl\/en\/product\/rekomendacje-pedagoga-specjalnego\/","title":{"rendered":"Rekomendacje pedagoga specjalnego"},"content":{"rendered":"<p>Gotowy zestaw rekomendacji pedagoga specjalnego. Kompleksowy dokument zawieraj\u0105cy opracowanie do ka\u017cdego rodzaju niepe\u0142nosprawno\u015bci. Oferta obejmuje dokument wymagany przez rozporz\u0105dzenia oraz procedury wewn\u0105trzszkolne\u00a0 \u2013 opracowanie autorskie. Dokumenty dostarczane s\u0105 w formacie WORD z mo\u017cliwo\u015bci\u0105 ich edycji i dostosowania do w\u0142asnych potrzeb.<\/p>\n<p>&nbsp;<\/p>\n<p><strong>UWAGA! PO ZAKUPIE PROSZ\u0118 SPRAWDZI\u0106, CZY E-MAIL NIE TRAFI\u0141 DO SPAMU.\u00a0<\/strong><\/p>","protected":false},"excerpt":{"rendered":"<p>Gotowy zestaw rekomendacji pedagoga specjalnego. Kompleksowy dokument zawieraj\u0105cy opracowanie do ka\u017cdego rodzaju niepe\u0142nosprawno\u015bci. Oferta obejmuje dokument wymagany przez rozporz\u0105dzenia oraz procedury wewn\u0105trzszkolne\u00a0 \u2013 opracowanie autorskie. Dokumenty dostarczane s\u0105 w formacie WORD z mo\u017cliwo\u015bci\u0105 ich edycji i dostosowania do w\u0142asnych potrzeb. &nbsp; UWAGA! PO ZAKUPIE PROSZ\u0118 SPRAWDZI\u0106, CZY E-MAIL NIE TRAFI\u0141 DO SPAMU.\u00a0<\/p>","protected":false},"featured_media":12605,"template":"","meta":[],"product_brand":[],"product_cat":[15],"product_tag":[],"class_list":{"0":"post-12602","1":"product","2":"type-product","3":"status-publish","4":"has-post-thumbnail","6":"product_cat-uncategorized","8":"first","9":"instock","10":"sale","11":"downloadable","12":"virtual","13":"purchasable","14":"product-type-simple"},"_links":{"self":[{"href":"https:\/\/pedagogspecjalny.pl\/en\/wp-json\/wp\/v2\/product\/12602","targetHints":{"allow":["GET"]}}],"collection":[{"href":"https:\/\/pedagogspecjalny.pl\/en\/wp-json\/wp\/v2\/product"}],"about":[{"href":"https:\/\/pedagogspecjalny.pl\/en\/wp-json\/wp\/v2\/types\/product"}],"wp:featuredmedia":[{"embeddable":true,"href":"https:\/\/pedagogspecjalny.pl\/en\/wp-json\/wp\/v2\/media\/12605"}],"wp:attachment":[{"href":"https:\/\/pedagogspecjalny.pl\/en\/wp-json\/wp\/v2\/media?parent=12602"}],"wp:term":[{"taxonomy":"product_brand","embeddable":true,"href":"https:\/\/pedagogspecjalny.pl\/en\/wp-json\/wp\/v2\/product_brand?post=12602"},{"taxonomy":"product_cat","embeddable":true,"href":"https:\/\/pedagogspecjalny.pl\/en\/wp-json\/wp\/v2\/product_cat?post=12602"},{"taxonomy":"product_tag","embeddable":true,"href":"https:\/\/pedagogspecjalny.pl\/en\/wp-json\/wp\/v2\/product_tag?post=12602"}],"curies":[{"name":"wp","href":"https:\/\/api.w.org\/{rel}","templated":true}]}}