{"id":129,"date":"2024-01-07T14:10:02","date_gmt":"2024-01-07T14:10:02","guid":{"rendered":"https:\/\/pedagogspecjalny.pl\/?post_type=product&#038;p=129"},"modified":"2025-09-01T04:51:12","modified_gmt":"2025-09-01T04:51:12","slug":"poradnik-nauczyciela-wspolorganizujacego","status":"publish","type":"product","link":"https:\/\/pedagogspecjalny.pl\/en\/product\/poradnik-nauczyciela-wspolorganizujacego\/","title":{"rendered":"Poradnik nauczyciela wsp\u00f3\u0142organizuj\u0105cego"},"content":{"rendered":"<p>Poradnik nauczyciela wsp\u00f3\u0142organizuj\u0105cego to autorski e-book powsta\u0142y na bazie wieloletniego do\u015bwiadczenia zawodowego. Je\u015bli pracujesz jako nauczyciel wsp\u00f3\u0142organizuj\u0105cy, chcesz poszerzy\u0107 swoj\u0105 wiedz\u0119 o tym jak pracowa\u0107 i potrzebujesz praktycznych rad \u201ez \u017cycia\u201d to poradnik jest w\u0142a\u015bnie dla Ciebie.<\/p>\n<p>&#8211; a\u017c 33 strony tre\u015bci<\/p>\n<p>&#8211; liczne za\u0142\u0105czniki : wz\u00f3r IPET, wz\u00f3r WOPFU, wz\u00f3r zawiadomienia o spotkaniu Zespo\u0142u, wz\u00f3r protoko\u0142u ze Spotkania, sprawozdanie ko\u0144cowo-roczne n. wsp\u00f3\u0142organizuj\u0105cego, arkusz dostosowania wymaga\u0144 do indywidualnych potrzeb ucznia.<\/p>\n<p>&#8211; materia\u0142 w formie pdf<\/p>\n<p>&#8211; za\u0142\u0105czniki w formacie word z mo\u017cliwo\u015bci\u0105 ich edycji.<\/p>\n<p>&#8211; odpowiedni dla przedszkola, szko\u0142y podstawowej i ponadpodstawowej<\/p>","protected":false},"excerpt":{"rendered":"<p>Poradnik nauczyciela wsp\u00f3\u0142organizuj\u0105cego to autorski e-book powsta\u0142y na bazie wieloletniego do\u015bwiadczenia zawodowego.<\/p>\n<p>Je\u015bli pracujesz jako nauczyciel wsp\u00f3\u0142organizuj\u0105cy, chcesz poszerzy\u0107 swoj\u0105 wiedz\u0119 o tym jak pracowa\u0107 i potrzebujesz praktycznych rad \u201ez \u017cycia\u201d to poradnik jest w\u0142a\u015bnie dla Ciebie.<\/p>\n<p><span style=\"vertical-align: inherit;\"><span style=\"vertical-align: inherit;\"><span style=\"vertical-align: inherit;\"><span style=\"vertical-align: inherit;\"><span style=\"vertical-align: inherit;\"><span style=\"vertical-align: inherit;\">&#8211; a\u017c 33 strony tre\u015bci<\/span><\/span><\/span><\/span><\/span><\/span><\/p>\n<p><span style=\"vertical-align: inherit;\"><span style=\"vertical-align: inherit;\"><span style=\"vertical-align: inherit;\"><span style=\"vertical-align: inherit;\"><span style=\"vertical-align: inherit;\"><span style=\"vertical-align: inherit;\">&#8211; liczne za\u0142\u0105czniki : wz\u00f3r IPET, wz\u00f3r WOPFU, wz\u00f3r zawiadomienia o spotkaniu Zespo\u0142u, wz\u00f3r protoko\u0142u ze Spotkania, sprawozdanie ko\u0144cowo-roczne n. wsp\u00f3\u0142organizuj\u0105cego, arkusz dostosowania wymaga\u0144 do indywidualnych potrzeb ucznia.<\/span><\/span><\/span><\/span><\/span><\/span><\/p>\n<p><span style=\"vertical-align: inherit;\"><span style=\"vertical-align: inherit;\"><span style=\"vertical-align: inherit;\"><span style=\"vertical-align: inherit;\"><span style=\"vertical-align: inherit;\"><span style=\"vertical-align: inherit;\">&#8211; materia\u0142 w formie pdf<\/span><\/span><\/span><\/span><\/span><\/span><\/p>\n<p><span style=\"vertical-align: inherit;\"><span style=\"vertical-align: inherit;\"><span style=\"vertical-align: inherit;\"><span style=\"vertical-align: inherit;\"><span style=\"vertical-align: inherit;\"><span style=\"vertical-align: inherit;\">&#8211; za\u0142\u0105czniki w formacie word z mo\u017cliwo\u015bci\u0105 ich edycji.<\/span><\/span><\/span><\/span><\/span><\/span><\/p>\n<p><span style=\"vertical-align: inherit;\"><span style=\"vertical-align: inherit;\"><span style=\"vertical-align: inherit;\"><span style=\"vertical-align: inherit;\"><span style=\"vertical-align: inherit;\"><span style=\"vertical-align: inherit;\">&#8211; odpowiedni dla przedszkola, szko\u0142y podstawowej i ponadpodstawowej<\/span><\/span><\/span><\/span><\/span><\/span><\/p>\n<p><strong>UWAGA! PO ZAKUPIE PROSZ\u0118 SPRAWDZI\u0106, CZY E-MAIL NIE TRAFI\u0141 DO SPAMU.\u00a0<\/strong><\/p>","protected":false},"featured_media":317,"template":"","meta":[],"product_brand":[],"product_cat":[15],"product_tag":[],"class_list":{"0":"post-129","1":"product","2":"type-product","3":"status-publish","4":"has-post-thumbnail","6":"product_cat-uncategorized","8":"first","9":"instock","10":"downloadable","11":"virtual","12":"purchasable","13":"product-type-simple"},"_links":{"self":[{"href":"https:\/\/pedagogspecjalny.pl\/en\/wp-json\/wp\/v2\/product\/129","targetHints":{"allow":["GET"]}}],"collection":[{"href":"https:\/\/pedagogspecjalny.pl\/en\/wp-json\/wp\/v2\/product"}],"about":[{"href":"https:\/\/pedagogspecjalny.pl\/en\/wp-json\/wp\/v2\/types\/product"}],"wp:featuredmedia":[{"embeddable":true,"href":"https:\/\/pedagogspecjalny.pl\/en\/wp-json\/wp\/v2\/media\/317"}],"wp:attachment":[{"href":"https:\/\/pedagogspecjalny.pl\/en\/wp-json\/wp\/v2\/media?parent=129"}],"wp:term":[{"taxonomy":"product_brand","embeddable":true,"href":"https:\/\/pedagogspecjalny.pl\/en\/wp-json\/wp\/v2\/product_brand?post=129"},{"taxonomy":"product_cat","embeddable":true,"href":"https:\/\/pedagogspecjalny.pl\/en\/wp-json\/wp\/v2\/product_cat?post=129"},{"taxonomy":"product_tag","embeddable":true,"href":"https:\/\/pedagogspecjalny.pl\/en\/wp-json\/wp\/v2\/product_tag?post=129"}],"curies":[{"name":"wp","href":"https:\/\/api.w.org\/{rel}","templated":true}]}}