{"id":13028,"date":"2026-05-08T08:11:38","date_gmt":"2026-05-08T08:11:38","guid":{"rendered":"https:\/\/pedagogspecjalny.pl\/?post_type=product&#038;p=13028"},"modified":"2026-05-08T08:11:38","modified_gmt":"2026-05-08T08:11:38","slug":"praktyczne-wskazowki-egzamin-e8","status":"publish","type":"product","link":"https:\/\/pedagogspecjalny.pl\/en\/product\/praktyczne-wskazowki-egzamin-e8\/","title":{"rendered":"Praktyczne wskaz\u00f3wki Egzamin E8"},"content":{"rendered":"<p>EGZAMIN E8 (\u00f3smoklasisty) &#8211; praktyczny materia\u0142 dla przewodnicz\u0105cych i cz\u0142onk\u00f3w komisji egzaminacyjnej, kt\u00f3ry pomaga sprawnie przeprowadzi\u0107 egzamin (bez stresu i chaosu \ud83d\ude42 ). Opracowanie autorskie. Dokumenty dostarczane s\u0105 w formacie WORD z mo\u017cliwo\u015bci\u0105 ich edycji i dostosowania do w\u0142asnych potrzeb.<\/p>\n<p>&nbsp;<\/p>\n<p><strong>UWAGA! PO ZAKUPIE PROSZ\u0118 SPRAWDZI\u0106, CZY E-MAIL NIE TRAFI\u0141 DO SPAMU.\u00a0<\/strong><\/p>","protected":false},"excerpt":{"rendered":"<p>EGZAMIN E8 (\u00f3smoklasisty) &#8211; praktyczny materia\u0142 dla przewodnicz\u0105cych i cz\u0142onk\u00f3w komisji egzaminacyjnej, kt\u00f3ry pomaga sprawnie przeprowadzi\u0107 egzamin (bez stresu i chaosu \ud83d\ude42 ). Opracowanie autorskie. Dokumenty dostarczane s\u0105 w formacie WORD z mo\u017cliwo\u015bci\u0105 ich edycji i dostosowania do w\u0142asnych potrzeb. &nbsp; UWAGA! PO ZAKUPIE PROSZ\u0118 SPRAWDZI\u0106, CZY E-MAIL NIE TRAFI\u0141 DO SPAMU.\u00a0<\/p>","protected":false},"featured_media":13030,"template":"","meta":[],"product_brand":[],"product_cat":[15],"product_tag":[],"class_list":{"0":"post-13028","1":"product","2":"type-product","3":"status-publish","4":"has-post-thumbnail","6":"product_cat-uncategorized","8":"first","9":"instock","10":"downloadable","11":"virtual","12":"purchasable","13":"product-type-simple"},"_links":{"self":[{"href":"https:\/\/pedagogspecjalny.pl\/en\/wp-json\/wp\/v2\/product\/13028","targetHints":{"allow":["GET"]}}],"collection":[{"href":"https:\/\/pedagogspecjalny.pl\/en\/wp-json\/wp\/v2\/product"}],"about":[{"href":"https:\/\/pedagogspecjalny.pl\/en\/wp-json\/wp\/v2\/types\/product"}],"wp:featuredmedia":[{"embeddable":true,"href":"https:\/\/pedagogspecjalny.pl\/en\/wp-json\/wp\/v2\/media\/13030"}],"wp:attachment":[{"href":"https:\/\/pedagogspecjalny.pl\/en\/wp-json\/wp\/v2\/media?parent=13028"}],"wp:term":[{"taxonomy":"product_brand","embeddable":true,"href":"https:\/\/pedagogspecjalny.pl\/en\/wp-json\/wp\/v2\/product_brand?post=13028"},{"taxonomy":"product_cat","embeddable":true,"href":"https:\/\/pedagogspecjalny.pl\/en\/wp-json\/wp\/v2\/product_cat?post=13028"},{"taxonomy":"product_tag","embeddable":true,"href":"https:\/\/pedagogspecjalny.pl\/en\/wp-json\/wp\/v2\/product_tag?post=13028"}],"curies":[{"name":"wp","href":"https:\/\/api.w.org\/{rel}","templated":true}]}}