{"id":135,"date":"2024-01-07T14:13:46","date_gmt":"2024-01-07T14:13:46","guid":{"rendered":"https:\/\/pedagogspecjalny.pl\/?post_type=product&#038;p=135"},"modified":"2025-10-14T10:31:46","modified_gmt":"2025-10-14T10:31:46","slug":"wzory-wpisow-do-dziennika","status":"publish","type":"product","link":"https:\/\/pedagogspecjalny.pl\/en\/product\/wzory-wpisow-do-dziennika\/","title":{"rendered":"Wzory wpis\u00f3w do dziennika"},"content":{"rendered":"<p>Opracowanie na bazie w\u0142asnych do\u015bwiadcze\u0144 odpowiednie dla pedagog\u00f3w specjalnych i nauczycieli wsp\u00f3\u0142organizuj\u0105cych. Dokument w formacie WORD, ponad 100 przyk\u0142ad\u00f3w z podzia\u0142em na kategorie. W materia\u0142ach liczne porady, wskaz\u00f3wki i podpowiedzi. Odpowiedni dla przedszkola, szko\u0142y podstawowej i ponadpodstawowej.<\/p>","protected":false},"excerpt":{"rendered":"<p>Opracowanie na bazie w\u0142asnych do\u015bwiadcze\u0144 odpowiednie dla pedagog\u00f3w specjalnych i nauczycieli wsp\u00f3\u0142organizuj\u0105cych. Dokument w formacie WORD, ponad 100 przyk\u0142ad\u00f3w z podzia\u0142em na kategorie. W materia\u0142ach liczne porady, wskaz\u00f3wki i podpowiedzi. Odpowiedni dla przedszkola, szko\u0142y podstawowej i ponadpodstawowej.<\/p>\n<p><strong>UWAGA! PO ZAKUPIE PROSZ\u0118 SPRAWDZI\u0106, CZY E-MAIL NIE TRAFI\u0141 DO SPAMU.\u00a0<\/strong><\/p>\n<p>&nbsp;<\/p>","protected":false},"featured_media":312,"template":"","meta":[],"product_brand":[],"product_cat":[15],"product_tag":[],"class_list":{"0":"post-135","1":"product","2":"type-product","3":"status-publish","4":"has-post-thumbnail","6":"product_cat-uncategorized","8":"first","9":"instock","10":"downloadable","11":"virtual","12":"purchasable","13":"product-type-simple"},"_links":{"self":[{"href":"https:\/\/pedagogspecjalny.pl\/en\/wp-json\/wp\/v2\/product\/135","targetHints":{"allow":["GET"]}}],"collection":[{"href":"https:\/\/pedagogspecjalny.pl\/en\/wp-json\/wp\/v2\/product"}],"about":[{"href":"https:\/\/pedagogspecjalny.pl\/en\/wp-json\/wp\/v2\/types\/product"}],"wp:featuredmedia":[{"embeddable":true,"href":"https:\/\/pedagogspecjalny.pl\/en\/wp-json\/wp\/v2\/media\/312"}],"wp:attachment":[{"href":"https:\/\/pedagogspecjalny.pl\/en\/wp-json\/wp\/v2\/media?parent=135"}],"wp:term":[{"taxonomy":"product_brand","embeddable":true,"href":"https:\/\/pedagogspecjalny.pl\/en\/wp-json\/wp\/v2\/product_brand?post=135"},{"taxonomy":"product_cat","embeddable":true,"href":"https:\/\/pedagogspecjalny.pl\/en\/wp-json\/wp\/v2\/product_cat?post=135"},{"taxonomy":"product_tag","embeddable":true,"href":"https:\/\/pedagogspecjalny.pl\/en\/wp-json\/wp\/v2\/product_tag?post=135"}],"curies":[{"name":"wp","href":"https:\/\/api.w.org\/{rel}","templated":true}]}}