{"id":138,"date":"2024-01-07T14:15:24","date_gmt":"2024-01-07T14:15:24","guid":{"rendered":"https:\/\/pedagogspecjalny.pl\/?post_type=product&#038;p=138"},"modified":"2025-10-14T10:50:29","modified_gmt":"2025-10-14T10:50:29","slug":"teczka-wzorow-pedagoga-specjalnego","status":"publish","type":"product","link":"https:\/\/pedagogspecjalny.pl\/en\/product\/teczka-wzorow-pedagoga-specjalnego\/","title":{"rendered":"Teczka wzor\u00f3w pedagoga specjalnego"},"content":{"rendered":"<p>Teczka wzor\u00f3w pedagoga specjalnego to zbi\u00f3r wszystkich potrzebnych dokument\u00f3w, kt\u00f3re u\u0142atwi\u0105 prac\u0119 w przedszkolu, szkole podstawowej oraz ponadpodstawowej. Oferta obejmuje dokumenty wymagane przez rozporz\u0105dzenia oraz procedury wewn\u0105trzszkolne \u2013 opracowanie autorskie. Dokumenty dostarczane s\u0105 w formacie WORD z mo\u017cliwo\u015bci\u0105 ich edycji i dostosowania do w\u0142asnych potrzeb.<\/p>","protected":false},"excerpt":{"rendered":"<p>Teczka wzor\u00f3w pedagoga specjalnego to zbi\u00f3r wszystkich potrzebnych dokument\u00f3w, kt\u00f3re u\u0142atwi\u0105 prac\u0119 w przedszkolu, szkole podstawowej oraz ponadpodstawowej. Oferta obejmuje dokumenty wymagane przez rozporz\u0105dzenia oraz procedury wewn\u0105trzszkolne \u2013 opracowanie autorskie. Dokumenty dostarczane s\u0105 w formacie WORD z mo\u017cliwo\u015bci\u0105 ich edycji i dostosowania do w\u0142asnych potrzeb.<\/p>\n<p><strong>UWAGA! PO ZAKUPIE PROSZ\u0118 SPRAWDZI\u0106, CZY E-MAIL NIE TRAFI\u0141 DO SPAMU.\u00a0<\/strong><\/p>\n<p>&nbsp;<\/p>","protected":false},"featured_media":315,"template":"","meta":[],"product_brand":[],"product_cat":[15],"product_tag":[],"class_list":{"0":"post-138","1":"product","2":"type-product","3":"status-publish","4":"has-post-thumbnail","6":"product_cat-uncategorized","8":"first","9":"instock","10":"downloadable","11":"virtual","12":"purchasable","13":"product-type-simple"},"_links":{"self":[{"href":"https:\/\/pedagogspecjalny.pl\/en\/wp-json\/wp\/v2\/product\/138","targetHints":{"allow":["GET"]}}],"collection":[{"href":"https:\/\/pedagogspecjalny.pl\/en\/wp-json\/wp\/v2\/product"}],"about":[{"href":"https:\/\/pedagogspecjalny.pl\/en\/wp-json\/wp\/v2\/types\/product"}],"wp:featuredmedia":[{"embeddable":true,"href":"https:\/\/pedagogspecjalny.pl\/en\/wp-json\/wp\/v2\/media\/315"}],"wp:attachment":[{"href":"https:\/\/pedagogspecjalny.pl\/en\/wp-json\/wp\/v2\/media?parent=138"}],"wp:term":[{"taxonomy":"product_brand","embeddable":true,"href":"https:\/\/pedagogspecjalny.pl\/en\/wp-json\/wp\/v2\/product_brand?post=138"},{"taxonomy":"product_cat","embeddable":true,"href":"https:\/\/pedagogspecjalny.pl\/en\/wp-json\/wp\/v2\/product_cat?post=138"},{"taxonomy":"product_tag","embeddable":true,"href":"https:\/\/pedagogspecjalny.pl\/en\/wp-json\/wp\/v2\/product_tag?post=138"}],"curies":[{"name":"wp","href":"https:\/\/api.w.org\/{rel}","templated":true}]}}