{"id":1973,"date":"2024-05-28T07:54:12","date_gmt":"2024-05-28T07:54:12","guid":{"rendered":"https:\/\/pedagogspecjalny.pl\/?post_type=product&#038;p=1973"},"modified":"2025-10-14T10:30:10","modified_gmt":"2025-10-14T10:30:10","slug":"sprawozdanie-z-pracy-nauczyciela-wspolorganizujacego","status":"publish","type":"product","link":"https:\/\/pedagogspecjalny.pl\/en\/product\/sprawozdanie-z-pracy-nauczyciela-wspolorganizujacego\/","title":{"rendered":"Sprawozdanie z pracy nauczyciela wsp\u00f3\u0142organizuj\u0105cego"},"content":{"rendered":"<p><span style=\"vertical-align: inherit;\">Wz\u00f3r sprawozdania z pracy nauczyciela wsp\u00f3\u0142organizuj\u0105cego na koniec roku wraz z ocen\u0105 efektywno\u015bci pracy. Opracowanie na bazie w\u0142asnych do\u015bwiadcze\u0144 odpowiednie dla nauczycieli wspomagaj\u0105cych. Dokument w formacie WORD, liczne porady, wskaz\u00f3wki i podpowiedzi. Odpowiedni dla przedszkola, szko\u0142y podstawowej i ponadpodstawowej.<\/span><\/p>\n<p><strong><span style=\"vertical-align: inherit;\">UWAGA! PO ZAKUPIE PROSZ\u0118 SPRAWDZI\u0106, CZY E-MAIL NIE TRAFI\u0141 DO SPAMU.<\/span><\/strong><\/p>","protected":false},"excerpt":{"rendered":"<p><span style=\"vertical-align: inherit;\"><span style=\"vertical-align: inherit;\"><span style=\"vertical-align: inherit;\">Wz\u00f3r sprawozdania z pracy nauczyciela wsp\u00f3\u0142organizuj\u0105cego na koniec roku wraz z ocen\u0105 efektywno\u015bci pracy. Opracowanie na bazie w\u0142asnych do\u015bwiadcze\u0144 odpowiednie dla nauczycieli wspomagaj\u0105cych. Dokument w formacie WORD, liczne porady, wskaz\u00f3wki i podpowiedzi. Odpowiedni dla przedszkola, szko\u0142y podstawowej i ponadpodstawowej.<\/span><\/span><\/span><\/p>\n<p><strong><span style=\"vertical-align: inherit;\"><span style=\"vertical-align: inherit;\"><span style=\"vertical-align: inherit;\">UWAGA! PO ZAKUPIE PROSZ\u0118 SPRAWDZI\u0106, CZY E-MAIL NIE TRAFI\u0141 DO SPAMU.<\/span><\/span><\/span><\/strong><\/p>","protected":false},"featured_media":1930,"template":"","meta":[],"product_brand":[],"product_cat":[15],"product_tag":[],"class_list":{"0":"post-1973","1":"product","2":"type-product","3":"status-publish","4":"has-post-thumbnail","6":"product_cat-uncategorized","8":"first","9":"instock","10":"downloadable","11":"virtual","12":"purchasable","13":"product-type-simple"},"_links":{"self":[{"href":"https:\/\/pedagogspecjalny.pl\/en\/wp-json\/wp\/v2\/product\/1973","targetHints":{"allow":["GET"]}}],"collection":[{"href":"https:\/\/pedagogspecjalny.pl\/en\/wp-json\/wp\/v2\/product"}],"about":[{"href":"https:\/\/pedagogspecjalny.pl\/en\/wp-json\/wp\/v2\/types\/product"}],"wp:featuredmedia":[{"embeddable":true,"href":"https:\/\/pedagogspecjalny.pl\/en\/wp-json\/wp\/v2\/media\/1930"}],"wp:attachment":[{"href":"https:\/\/pedagogspecjalny.pl\/en\/wp-json\/wp\/v2\/media?parent=1973"}],"wp:term":[{"taxonomy":"product_brand","embeddable":true,"href":"https:\/\/pedagogspecjalny.pl\/en\/wp-json\/wp\/v2\/product_brand?post=1973"},{"taxonomy":"product_cat","embeddable":true,"href":"https:\/\/pedagogspecjalny.pl\/en\/wp-json\/wp\/v2\/product_cat?post=1973"},{"taxonomy":"product_tag","embeddable":true,"href":"https:\/\/pedagogspecjalny.pl\/en\/wp-json\/wp\/v2\/product_tag?post=1973"}],"curies":[{"name":"wp","href":"https:\/\/api.w.org\/{rel}","templated":true}]}}