{"id":3096,"date":"2024-07-31T14:21:08","date_gmt":"2024-07-31T14:21:08","guid":{"rendered":"https:\/\/pedagogspecjalny.pl\/?post_type=product&#038;p=3096"},"modified":"2025-10-14T10:29:27","modified_gmt":"2025-10-14T10:29:27","slug":"plan-pracy-pedagoga-specjalnego","status":"publish","type":"product","link":"https:\/\/pedagogspecjalny.pl\/en\/product\/plan-pracy-pedagoga-specjalnego\/","title":{"rendered":"Plan pracy pedagoga specjalnego"},"content":{"rendered":"<p><span style=\"vertical-align: inherit;\">Wz\u00f3r planu pracy pedagoga specjalnego na rok szkolny 2025\/26. Opracowanie na bazie w\u0142asnych do\u015bwiadcze\u0144 odpowiedni dla pedagog\u00f3w specjalnych. Dokument dostarczany jest w formacie WORD z mo\u017cliwo\u015bci\u0105 jego edycji i dostosowania do w\u0142asnych potrzeb. Odpowiedni dla przedszkola, szko\u0142y podstawowej i ponadpodstawowej.<\/span><\/p>\n<p><strong><span style=\"vertical-align: inherit;\">UWAGA! PO ZAKUPIE PROSZ\u0118 SPRAWDZI\u0106, CZY E-MAIL NIE TRAFI\u0141 DO SPAMU.<\/span><\/strong><\/p>","protected":false},"excerpt":{"rendered":"<p><span style=\"vertical-align: inherit;\">Wz\u00f3r planu pracy pedagoga specjalnego na rok szkolny 2023\/24. Opracowanie na bazie w\u0142asnych do\u015bwiadcze\u0144 odpowiedni dla pedagog\u00f3w specjalnych. Dokument dostarczany jest w formacie WORD z mo\u017cliwo\u015bci\u0105 jego edycji i dostosowania do w\u0142asnych potrzeb. Odpowiedni dla przedszkola, szko\u0142y podstawowej i ponadpodstawowej.<\/span><\/p>\n<p><strong><span style=\"vertical-align: inherit;\">UWAGA! PO ZAKUPIE PROSZ\u0118 SPRAWDZI\u0106, CZY E-MAIL NIE TRAFI\u0141 DO SPAMU.<\/span><\/strong><\/p>","protected":false},"featured_media":8301,"template":"","meta":[],"product_brand":[],"product_cat":[15],"product_tag":[],"class_list":{"0":"post-3096","1":"product","2":"type-product","3":"status-publish","4":"has-post-thumbnail","6":"product_cat-uncategorized","8":"first","9":"instock","10":"downloadable","11":"virtual","12":"purchasable","13":"product-type-simple"},"_links":{"self":[{"href":"https:\/\/pedagogspecjalny.pl\/en\/wp-json\/wp\/v2\/product\/3096","targetHints":{"allow":["GET"]}}],"collection":[{"href":"https:\/\/pedagogspecjalny.pl\/en\/wp-json\/wp\/v2\/product"}],"about":[{"href":"https:\/\/pedagogspecjalny.pl\/en\/wp-json\/wp\/v2\/types\/product"}],"wp:featuredmedia":[{"embeddable":true,"href":"https:\/\/pedagogspecjalny.pl\/en\/wp-json\/wp\/v2\/media\/8301"}],"wp:attachment":[{"href":"https:\/\/pedagogspecjalny.pl\/en\/wp-json\/wp\/v2\/media?parent=3096"}],"wp:term":[{"taxonomy":"product_brand","embeddable":true,"href":"https:\/\/pedagogspecjalny.pl\/en\/wp-json\/wp\/v2\/product_brand?post=3096"},{"taxonomy":"product_cat","embeddable":true,"href":"https:\/\/pedagogspecjalny.pl\/en\/wp-json\/wp\/v2\/product_cat?post=3096"},{"taxonomy":"product_tag","embeddable":true,"href":"https:\/\/pedagogspecjalny.pl\/en\/wp-json\/wp\/v2\/product_tag?post=3096"}],"curies":[{"name":"wp","href":"https:\/\/api.w.org\/{rel}","templated":true}]}}