{"id":3104,"date":"2024-07-31T14:25:07","date_gmt":"2024-07-31T14:25:07","guid":{"rendered":"https:\/\/pedagogspecjalny.pl\/?post_type=product&#038;p=3104"},"modified":"2025-10-14T10:28:55","modified_gmt":"2025-10-14T10:28:55","slug":"indywidualny-program-pracy-nauczyciela-wspolorganizujacego","status":"publish","type":"product","link":"https:\/\/pedagogspecjalny.pl\/en\/product\/indywidualny-program-pracy-nauczyciela-wspolorganizujacego\/","title":{"rendered":"Indywidualny program pracy nauczyciela wsp\u00f3\u0142organizuj\u0105cego"},"content":{"rendered":"<p><span style=\"vertical-align: inherit;\">Wz\u00f3r planu pracy nauczyciela wsp\u00f3\u0142organizuj\u0105cego\/ indywidualny program pracy z uczniem. Opracowanie na bazie w\u0142asnych do\u015bwiadcze\u0144 odpowiedni dla nauczycieli wsp\u00f3\u0142organizuj\u0105cych. Dokument dostarczany jest w formacie WORD z mo\u017cliwo\u015bci\u0105 jego edycji i dostosowania do w\u0142asnych potrzeb. Odpowiedni dla przedszkola, szko\u0142y podstawowej i ponadpodstawowej.<\/span><\/p>\n<p><strong><span style=\"vertical-align: inherit;\">UWAGA! PO ZAKUPIE PROSZ\u0118 SPRAWDZI\u0106, CZY E-MAIL NIE TRAFI\u0141 DO SPAMU.<\/span><\/strong><\/p>","protected":false},"excerpt":{"rendered":"<p><span style=\"vertical-align: inherit;\">Wz\u00f3r planu pracy nauczyciela wsp\u00f3\u0142organizuj\u0105cego\/ indywidualny program pracy z uczniem. Opracowanie na bazie w\u0142asnych do\u015bwiadcze\u0144 odpowiedni dla nauczycieli wsp\u00f3\u0142organizuj\u0105cych. Dokument dostarczany jest w formacie WORD z mo\u017cliwo\u015bci\u0105 jego edycji i dostosowania do w\u0142asnych potrzeb. Odpowiedni dla przedszkola, szko\u0142y podstawowej i ponadpodstawowej.<\/span><\/p>\n<p><strong><span style=\"vertical-align: inherit;\">UWAGA! PO ZAKUPIE PROSZ\u0118 SPRAWDZI\u0106, CZY E-MAIL NIE TRAFI\u0141 DO SPAMU.<\/span><\/strong><\/p>","protected":false},"featured_media":3105,"template":"","meta":[],"product_brand":[],"product_cat":[15],"product_tag":[],"class_list":{"0":"post-3104","1":"product","2":"type-product","3":"status-publish","4":"has-post-thumbnail","6":"product_cat-uncategorized","8":"first","9":"instock","10":"sale","11":"downloadable","12":"virtual","13":"purchasable","14":"product-type-simple"},"_links":{"self":[{"href":"https:\/\/pedagogspecjalny.pl\/en\/wp-json\/wp\/v2\/product\/3104","targetHints":{"allow":["GET"]}}],"collection":[{"href":"https:\/\/pedagogspecjalny.pl\/en\/wp-json\/wp\/v2\/product"}],"about":[{"href":"https:\/\/pedagogspecjalny.pl\/en\/wp-json\/wp\/v2\/types\/product"}],"wp:featuredmedia":[{"embeddable":true,"href":"https:\/\/pedagogspecjalny.pl\/en\/wp-json\/wp\/v2\/media\/3105"}],"wp:attachment":[{"href":"https:\/\/pedagogspecjalny.pl\/en\/wp-json\/wp\/v2\/media?parent=3104"}],"wp:term":[{"taxonomy":"product_brand","embeddable":true,"href":"https:\/\/pedagogspecjalny.pl\/en\/wp-json\/wp\/v2\/product_brand?post=3104"},{"taxonomy":"product_cat","embeddable":true,"href":"https:\/\/pedagogspecjalny.pl\/en\/wp-json\/wp\/v2\/product_cat?post=3104"},{"taxonomy":"product_tag","embeddable":true,"href":"https:\/\/pedagogspecjalny.pl\/en\/wp-json\/wp\/v2\/product_tag?post=3104"}],"curies":[{"name":"wp","href":"https:\/\/api.w.org\/{rel}","templated":true}]}}