{"id":6015,"date":"2025-01-30T13:48:46","date_gmt":"2025-01-30T13:48:46","guid":{"rendered":"https:\/\/pedagogspecjalny.pl\/?post_type=product&#038;p=6015"},"modified":"2025-05-04T06:49:15","modified_gmt":"2025-05-04T06:49:15","slug":"wzor-ipet-i-wopfu","status":"publish","type":"product","link":"https:\/\/pedagogspecjalny.pl\/en\/product\/wzor-ipet-i-wopfu\/","title":{"rendered":"Wz\u00f3r IPET i WOPFU"},"content":{"rendered":"<p>Wz\u00f3r indywidualnego programu edukacyjno-terapeutycznego IPET\u00a0 oraz wielospecjalistycznej oceny poziomu funkcjonowania ucznia to zestaw wzor\u00f3w dokument\u00f3w wymaganych przez rozporz\u0105dzenie. U\u0142atwi prac\u0119 w przedszkolu, szkole podstawowej oraz ponadpodstawowej. Oferta obejmuje r\u00f3wnie\u017c przyk\u0142ad wype\u0142nienia obu dokument\u00f3w &#8211;\u00a0 opracowanie autorskie na bazie do\u015bwiadcze\u0144 zawodowych. Pasuje do ka\u017cdego rodzaju niepe\u0142nosprawno\u015bci. Dokumenty dostarczane s\u0105 w formacie WORD z mo\u017cliwo\u015bci\u0105 ich edycji i dostosowania do w\u0142asnych potrzeb.<\/p>\n<p>Je\u015bli potrzebujesz do stworzenia dokument\u00f3w wiedzy teoretycznej to zapraszam do zakupu poradnika nauczyciela wsp\u00f3\u0142organizuj\u0105cego lub poradnika pedagoga specjalnego, gdzie jest ca\u0142y rozdzia\u0142 po\u015bwi\u0119cony analizie IPET\/WOPFU.<\/p>\n<p><strong>UWAGA! PO ZAKUPIE PROSZ\u0118 SPRAWDZI\u0106, CZY E-MAIL NIE TRAFI\u0141 DO SPAMU.\u00a0<\/strong><\/p>","protected":false},"excerpt":{"rendered":"<p>Wz\u00f3r indywidualnego programu edukacyjno-terapeutycznego IPET\u00a0 oraz wielospecjalistycznej oceny poziomu funkcjonowania ucznia to zestaw wzor\u00f3w dokument\u00f3w wymaganych przez rozporz\u0105dzenie. U\u0142atwi prac\u0119 w przedszkolu, szkole podstawowej oraz ponadpodstawowej. Oferta obejmuje r\u00f3wnie\u017c przyk\u0142ad wype\u0142nienia obu dokument\u00f3w &#8211;\u00a0 opracowanie autorskie na bazie do\u015bwiadcze\u0144 zawodowych. Pasuje do ka\u017cdego rodzaju niepe\u0142nosprawno\u015bci. Dokumenty dostarczane s\u0105 w formacie WORD z mo\u017cliwo\u015bci\u0105 ich edycji i dostosowania do w\u0142asnych potrzeb.<\/p>\n<p>Je\u015bli potrzebujesz do stworzenia dokument\u00f3w wiedzy teoretycznej to zapraszam do zakupu poradnika nauczyciela wsp\u00f3\u0142organizuj\u0105cego lub poradnika pedagoga specjalnego, gdzie jest ca\u0142y rozdzia\u0142 po\u015bwi\u0119cony analizie IPET\/WOPFU.<\/p>\n<p><strong>UWAGA! PO ZAKUPIE PROSZ\u0118 SPRAWDZI\u0106, CZY E-MAIL NIE TRAFI\u0141 DO SPAMU.\u00a0<\/strong><\/p>","protected":false},"featured_media":6008,"template":"","meta":[],"product_brand":[],"product_cat":[15],"product_tag":[],"class_list":{"0":"post-6015","1":"product","2":"type-product","3":"status-publish","4":"has-post-thumbnail","6":"product_cat-uncategorized","8":"first","9":"instock","10":"downloadable","11":"virtual","12":"purchasable","13":"product-type-simple"},"_links":{"self":[{"href":"https:\/\/pedagogspecjalny.pl\/en\/wp-json\/wp\/v2\/product\/6015","targetHints":{"allow":["GET"]}}],"collection":[{"href":"https:\/\/pedagogspecjalny.pl\/en\/wp-json\/wp\/v2\/product"}],"about":[{"href":"https:\/\/pedagogspecjalny.pl\/en\/wp-json\/wp\/v2\/types\/product"}],"wp:featuredmedia":[{"embeddable":true,"href":"https:\/\/pedagogspecjalny.pl\/en\/wp-json\/wp\/v2\/media\/6008"}],"wp:attachment":[{"href":"https:\/\/pedagogspecjalny.pl\/en\/wp-json\/wp\/v2\/media?parent=6015"}],"wp:term":[{"taxonomy":"product_brand","embeddable":true,"href":"https:\/\/pedagogspecjalny.pl\/en\/wp-json\/wp\/v2\/product_brand?post=6015"},{"taxonomy":"product_cat","embeddable":true,"href":"https:\/\/pedagogspecjalny.pl\/en\/wp-json\/wp\/v2\/product_cat?post=6015"},{"taxonomy":"product_tag","embeddable":true,"href":"https:\/\/pedagogspecjalny.pl\/en\/wp-json\/wp\/v2\/product_tag?post=6015"}],"curies":[{"name":"wp","href":"https:\/\/api.w.org\/{rel}","templated":true}]}}