{"id":6362,"date":"2025-04-15T16:27:09","date_gmt":"2025-04-15T16:27:09","guid":{"rendered":"https:\/\/pedagogspecjalny.pl\/?post_type=product&#038;p=6362"},"modified":"2025-05-04T06:49:04","modified_gmt":"2025-05-04T06:49:04","slug":"sprawozdanie-z-pracy-nauczyciela-biblioteki","status":"publish","type":"product","link":"https:\/\/pedagogspecjalny.pl\/en\/product\/sprawozdanie-z-pracy-nauczyciela-biblioteki\/","title":{"rendered":"Sprawozdanie z pracy nauczyciela biblioteki"},"content":{"rendered":"<p>Opracowanie na bazie w\u0142asnych do\u015bwiadcze\u0144 odpowiednie nauczycieli bibliotek szkolnych. Dokument w formacie WORD, 9 stron do edycji. W tre\u015bci: g\u0142\u00f3wne cele pracy nauczyciela biblioteki i ich ewaluacja, harmonogram dzia\u0142a\u0144<br \/>\nz podzia\u0142em na dwa semestry i poszczeg\u00f3lne miesi\u0105ce (zgodnie z kalendarzem organizacji roku szkolnego oraz planem pracy biblioteki), podsumowanie priorytetowych dzia\u0142a\u0144, refleksje i wnioski do dalszej pracy, uwagi i podpowiedzi.<\/p>\n<p>&nbsp;<\/p>\n<p><strong>UWAGA! PO ZAKUPIE PROSZ\u0118 SPRAWDZI\u0106, CZY E-MAIL NIE TRAFI\u0141 DO SPAMU.\u00a0<\/strong><\/p>","protected":false},"excerpt":{"rendered":"<p>Opracowanie na bazie w\u0142asnych do\u015bwiadcze\u0144 odpowiednie nauczycieli bibliotek szkolnych. Dokument w formacie WORD, 9 stron do edycji. W tre\u015bci: g\u0142\u00f3wne cele pracy nauczyciela biblioteki i ich ewaluacja, harmonogram dzia\u0142a\u0144<br \/>\nz podzia\u0142em na dwa semestry i poszczeg\u00f3lne miesi\u0105ce (zgodnie z kalendarzem organizacji roku szkolnego oraz planem pracy biblioteki), podsumowanie priorytetowych dzia\u0142a\u0144, refleksje i wnioski do dalszej pracy, uwagi i podpowiedzi.<\/p>\n<p>&nbsp;<\/p>\n<p><strong>UWAGA! PO ZAKUPIE PROSZ\u0118 SPRAWDZI\u0106, CZY E-MAIL NIE TRAFI\u0141 DO SPAMU.\u00a0<\/strong><\/p>","protected":false},"featured_media":6364,"template":"","meta":[],"product_brand":[],"product_cat":[15],"product_tag":[],"class_list":{"0":"post-6362","1":"product","2":"type-product","3":"status-publish","4":"has-post-thumbnail","6":"product_cat-uncategorized","8":"first","9":"instock","10":"downloadable","11":"virtual","12":"purchasable","13":"product-type-simple"},"_links":{"self":[{"href":"https:\/\/pedagogspecjalny.pl\/en\/wp-json\/wp\/v2\/product\/6362","targetHints":{"allow":["GET"]}}],"collection":[{"href":"https:\/\/pedagogspecjalny.pl\/en\/wp-json\/wp\/v2\/product"}],"about":[{"href":"https:\/\/pedagogspecjalny.pl\/en\/wp-json\/wp\/v2\/types\/product"}],"wp:featuredmedia":[{"embeddable":true,"href":"https:\/\/pedagogspecjalny.pl\/en\/wp-json\/wp\/v2\/media\/6364"}],"wp:attachment":[{"href":"https:\/\/pedagogspecjalny.pl\/en\/wp-json\/wp\/v2\/media?parent=6362"}],"wp:term":[{"taxonomy":"product_brand","embeddable":true,"href":"https:\/\/pedagogspecjalny.pl\/en\/wp-json\/wp\/v2\/product_brand?post=6362"},{"taxonomy":"product_cat","embeddable":true,"href":"https:\/\/pedagogspecjalny.pl\/en\/wp-json\/wp\/v2\/product_cat?post=6362"},{"taxonomy":"product_tag","embeddable":true,"href":"https:\/\/pedagogspecjalny.pl\/en\/wp-json\/wp\/v2\/product_tag?post=6362"}],"curies":[{"name":"wp","href":"https:\/\/api.w.org\/{rel}","templated":true}]}}