{"id":6409,"date":"2025-04-16T08:56:22","date_gmt":"2025-04-16T08:56:22","guid":{"rendered":"https:\/\/pedagogspecjalny.pl\/?post_type=product&#038;p=6409"},"modified":"2025-05-04T06:48:53","modified_gmt":"2025-05-04T06:48:53","slug":"scenariusz-pozegnania-klas-8","status":"publish","type":"product","link":"https:\/\/pedagogspecjalny.pl\/en\/product\/scenariusz-pozegnania-klas-8\/","title":{"rendered":"Scenariusz po\u017cegnania klas 8"},"content":{"rendered":"<p>Autorski pomys\u0142 po\u017cegnania klas \u00f3smych w licznymi wskaz\u00f3wkami. Dokument WORD do edycji. W \u015brodku znajdziesz: gotowy scenariusz do wystawienia na scenie, didaskalia, opis scenografii, propozycja \u015bcie\u017cki d\u017awi\u0119kowej. Pe\u0142en wzrusze\u0144, emocji, opis drogi &#8222;ku doros\u0142o\u015bci&#8221;.<\/p>\n<p>&nbsp;<\/p>\n<p><strong>UWAGA! PO ZAKUPIE PROSZ\u0118 SPRAWDZI\u0106, CZY E-MAIL NIE TRAFI\u0141 DO SPAMU.\u00a0<\/strong><\/p>","protected":false},"excerpt":{"rendered":"<p>Autorski pomys\u0142 po\u017cegnania klas \u00f3smych w licznymi wskaz\u00f3wkami. Dokument WORD do edycji. W \u015brodku znajdziesz: gotowy scenariusz do wystawienia na scenie, didaskalia, opis scenografii, propozycja \u015bcie\u017cki d\u017awi\u0119kowej. Pe\u0142en wzrusze\u0144, emocji, opis drogi &#8222;ku doros\u0142o\u015bci&#8221;.<\/p>\n<p>&nbsp;<\/p>\n<p><strong>UWAGA! PO ZAKUPIE PROSZ\u0118 SPRAWDZI\u0106, CZY E-MAIL NIE TRAFI\u0141 DO SPAMU.\u00a0<\/strong><\/p>","protected":false},"featured_media":6411,"template":"","meta":[],"product_brand":[],"product_cat":[15],"product_tag":[],"class_list":{"0":"post-6409","1":"product","2":"type-product","3":"status-publish","4":"has-post-thumbnail","6":"product_cat-uncategorized","8":"first","9":"instock","10":"downloadable","11":"virtual","12":"purchasable","13":"product-type-simple"},"_links":{"self":[{"href":"https:\/\/pedagogspecjalny.pl\/en\/wp-json\/wp\/v2\/product\/6409","targetHints":{"allow":["GET"]}}],"collection":[{"href":"https:\/\/pedagogspecjalny.pl\/en\/wp-json\/wp\/v2\/product"}],"about":[{"href":"https:\/\/pedagogspecjalny.pl\/en\/wp-json\/wp\/v2\/types\/product"}],"wp:featuredmedia":[{"embeddable":true,"href":"https:\/\/pedagogspecjalny.pl\/en\/wp-json\/wp\/v2\/media\/6411"}],"wp:attachment":[{"href":"https:\/\/pedagogspecjalny.pl\/en\/wp-json\/wp\/v2\/media?parent=6409"}],"wp:term":[{"taxonomy":"product_brand","embeddable":true,"href":"https:\/\/pedagogspecjalny.pl\/en\/wp-json\/wp\/v2\/product_brand?post=6409"},{"taxonomy":"product_cat","embeddable":true,"href":"https:\/\/pedagogspecjalny.pl\/en\/wp-json\/wp\/v2\/product_cat?post=6409"},{"taxonomy":"product_tag","embeddable":true,"href":"https:\/\/pedagogspecjalny.pl\/en\/wp-json\/wp\/v2\/product_tag?post=6409"}],"curies":[{"name":"wp","href":"https:\/\/api.w.org\/{rel}","templated":true}]}}