{"id":6481,"date":"2025-04-26T16:58:12","date_gmt":"2025-04-26T16:58:12","guid":{"rendered":"https:\/\/pedagogspecjalny.pl\/?post_type=product&#038;p=6481"},"modified":"2025-05-04T06:48:44","modified_gmt":"2025-05-04T06:48:44","slug":"sprawozdanie-z-pracy-logopedy-szkolnego","status":"publish","type":"product","link":"https:\/\/pedagogspecjalny.pl\/en\/product\/sprawozdanie-z-pracy-logopedy-szkolnego\/","title":{"rendered":"Sprawozdanie z pracy logopedy szkolnego"},"content":{"rendered":"<p>SPRAWOZDANIE Z PRACY LOGOPEDY SZKOLNEGO- 9 stron dokumentu w formacie WORD do edycji, a w tre\u015bci: organizacja pracy logopedy, przebieg diagnozy logopedycznej, g\u0142\u00f3wne za\u0142o\u017cenia pracy logopedy, cele terapii, formy wsp\u00f3\u0142pracy, metody pracy, podzia\u0142 uczestnik\u00f3w ze wzgl\u0119du na dysfunkcje+ dok\u0142adny opis dzia\u0142ania logopedycznego,\u00a0 sposoby ewaluacji, wnioski og\u00f3lne i szczeg\u00f3\u0142owe (podzia\u0142 na klasy I-III, IV-VIII), podsumowanie.<\/p>\n<p>&nbsp;<\/p>\n<p><strong>UWAGA! PO ZAKUPIE PROSZ\u0118 SPRAWDZI\u0106, CZY E-MAIL NIE TRAFI\u0141 DO SPAMU.\u00a0<\/strong><\/p>","protected":false},"excerpt":{"rendered":"<p>SPRAWOZDANIE Z PRACY LOGOPEDY SZKOLNEGO- 9 stron dokumentu w formacie WORD do edycji, a w tre\u015bci: organizacja pracy logopedy, przebieg diagnozy logopedycznej, g\u0142\u00f3wne za\u0142o\u017cenia pracy logopedy, cele terapii, formy wsp\u00f3\u0142pracy, metody pracy, podzia\u0142 uczestnik\u00f3w ze wzgl\u0119du na dysfunkcje+ dok\u0142adny opis dzia\u0142ania logopedycznego,\u00a0 sposoby ewaluacji, wnioski og\u00f3lne i szczeg\u00f3\u0142owe (podzia\u0142 na klasy I-III, IV-VIII), podsumowanie.<\/p>\n<p>&nbsp;<\/p>\n<p><strong>UWAGA! PO ZAKUPIE PROSZ\u0118 SPRAWDZI\u0106, CZY E-MAIL NIE TRAFI\u0141 DO SPAMU.\u00a0<\/strong><\/p>","protected":false},"featured_media":6483,"template":"","meta":[],"product_brand":[],"product_cat":[15],"product_tag":[],"class_list":{"0":"post-6481","1":"product","2":"type-product","3":"status-publish","4":"has-post-thumbnail","6":"product_cat-uncategorized","8":"first","9":"instock","10":"downloadable","11":"virtual","12":"purchasable","13":"product-type-simple"},"_links":{"self":[{"href":"https:\/\/pedagogspecjalny.pl\/en\/wp-json\/wp\/v2\/product\/6481","targetHints":{"allow":["GET"]}}],"collection":[{"href":"https:\/\/pedagogspecjalny.pl\/en\/wp-json\/wp\/v2\/product"}],"about":[{"href":"https:\/\/pedagogspecjalny.pl\/en\/wp-json\/wp\/v2\/types\/product"}],"wp:featuredmedia":[{"embeddable":true,"href":"https:\/\/pedagogspecjalny.pl\/en\/wp-json\/wp\/v2\/media\/6483"}],"wp:attachment":[{"href":"https:\/\/pedagogspecjalny.pl\/en\/wp-json\/wp\/v2\/media?parent=6481"}],"wp:term":[{"taxonomy":"product_brand","embeddable":true,"href":"https:\/\/pedagogspecjalny.pl\/en\/wp-json\/wp\/v2\/product_brand?post=6481"},{"taxonomy":"product_cat","embeddable":true,"href":"https:\/\/pedagogspecjalny.pl\/en\/wp-json\/wp\/v2\/product_cat?post=6481"},{"taxonomy":"product_tag","embeddable":true,"href":"https:\/\/pedagogspecjalny.pl\/en\/wp-json\/wp\/v2\/product_tag?post=6481"}],"curies":[{"name":"wp","href":"https:\/\/api.w.org\/{rel}","templated":true}]}}