{"id":6554,"date":"2025-05-09T07:55:27","date_gmt":"2025-05-09T07:55:27","guid":{"rendered":"https:\/\/pedagogspecjalny.pl\/?post_type=product&#038;p=6554"},"modified":"2025-05-09T07:55:27","modified_gmt":"2025-05-09T07:55:27","slug":"wpisy-do-dziennika-nauczyciela-biblioteki","status":"publish","type":"product","link":"https:\/\/pedagogspecjalny.pl\/en\/product\/wpisy-do-dziennika-nauczyciela-biblioteki\/","title":{"rendered":"Wpisy do dziennika nauczyciela biblioteki"},"content":{"rendered":"<p>Starannie dobrany i opracowany zbi\u00f3r ponad 170 wpis\u00f3w do dziennika (dokument w formacie WORD do edycji)\u00a0 systematyzuj\u0105cy prac\u0119 nauczyciela biblioteki. Doskona\u0142e wsparcie przy tworzeniu planu pracy, kontroli dokumentacji, a tak\u017ce \u017ar\u00f3d\u0142o inspiracji do organizacji zaj\u0119\u0107, spotka\u0144 z uczniami . Czytelny podzia\u0142 na g\u0142\u00f3wne czynno\u015bci, obszary pracy.<\/p>\n<p><strong>UWAGA! PO ZAKUPIE PROSZ\u0118 SPRAWDZI\u0106, CZY E-MAIL NIE TRAFI\u0141 DO SPAMU.\u00a0<\/strong><\/p>","protected":false},"excerpt":{"rendered":"<p>Starannie dobrany i opracowany zbi\u00f3r ponad 170 wpis\u00f3w do dziennika (dokument w formacie WORD do edycji)\u00a0 systematyzuj\u0105cy prac\u0119 nauczyciela biblioteki. Doskona\u0142e wsparcie przy tworzeniu planu pracy, kontroli dokumentacji, a tak\u017ce \u017ar\u00f3d\u0142o inspiracji do organizacji zaj\u0119\u0107, spotka\u0144 z uczniami . Czytelny podzia\u0142 na g\u0142\u00f3wne czynno\u015bci, obszary pracy.<\/p>\n<p><strong>UWAGA! PO ZAKUPIE PROSZ\u0118 SPRAWDZI\u0106, CZY E-MAIL NIE TRAFI\u0141 DO SPAMU.\u00a0<\/strong><\/p>","protected":false},"featured_media":6556,"template":"","meta":[],"product_brand":[],"product_cat":[15],"product_tag":[],"class_list":{"0":"post-6554","1":"product","2":"type-product","3":"status-publish","4":"has-post-thumbnail","6":"product_cat-uncategorized","8":"first","9":"instock","10":"downloadable","11":"virtual","12":"purchasable","13":"product-type-simple"},"_links":{"self":[{"href":"https:\/\/pedagogspecjalny.pl\/en\/wp-json\/wp\/v2\/product\/6554","targetHints":{"allow":["GET"]}}],"collection":[{"href":"https:\/\/pedagogspecjalny.pl\/en\/wp-json\/wp\/v2\/product"}],"about":[{"href":"https:\/\/pedagogspecjalny.pl\/en\/wp-json\/wp\/v2\/types\/product"}],"wp:featuredmedia":[{"embeddable":true,"href":"https:\/\/pedagogspecjalny.pl\/en\/wp-json\/wp\/v2\/media\/6556"}],"wp:attachment":[{"href":"https:\/\/pedagogspecjalny.pl\/en\/wp-json\/wp\/v2\/media?parent=6554"}],"wp:term":[{"taxonomy":"product_brand","embeddable":true,"href":"https:\/\/pedagogspecjalny.pl\/en\/wp-json\/wp\/v2\/product_brand?post=6554"},{"taxonomy":"product_cat","embeddable":true,"href":"https:\/\/pedagogspecjalny.pl\/en\/wp-json\/wp\/v2\/product_cat?post=6554"},{"taxonomy":"product_tag","embeddable":true,"href":"https:\/\/pedagogspecjalny.pl\/en\/wp-json\/wp\/v2\/product_tag?post=6554"}],"curies":[{"name":"wp","href":"https:\/\/api.w.org\/{rel}","templated":true}]}}