{"id":7043,"date":"2025-05-30T12:58:48","date_gmt":"2025-05-30T12:58:48","guid":{"rendered":"https:\/\/pedagogspecjalny.pl\/?post_type=product&#038;p=7043"},"modified":"2025-05-30T12:58:48","modified_gmt":"2025-05-30T12:58:48","slug":"sprawozdanie-z-pracy-swietlicy-szkolnej","status":"publish","type":"product","link":"https:\/\/pedagogspecjalny.pl\/en\/product\/sprawozdanie-z-pracy-swietlicy-szkolnej\/","title":{"rendered":"Sprawozdanie z pracy \u015bwietlicy szkolnej"},"content":{"rendered":"<p>Szczeg\u00f3\u0142owe sprawozdanie z pracy \u015bwietlicy szkolnej (szko\u0142a podstawowa) zawieraj\u0105cy cele, g\u0142\u00f3wne kierunki dzia\u0142ania, sposoby realizacji, formy aktywno\u015bci i ewaluacji. FORMAT WORD do edycji.<\/p>\n<p>&nbsp;<\/p>\n<p><strong>UWAGA! PO ZAKUPIE PROSZ\u0118 SPRAWDZI\u0106, CZY E-MAIL NIE TRAFI\u0141 DO SPAMU.\u00a0<\/strong><\/p>","protected":false},"excerpt":{"rendered":"<p>Szczeg\u00f3\u0142owe sprawozdanie z pracy \u015bwietlicy szkolnej (szko\u0142a podstawowa) zawieraj\u0105cy cele, g\u0142\u00f3wne kierunki dzia\u0142ania, sposoby realizacji, formy aktywno\u015bci i ewaluacji. FORMAT WORD do edycji.<\/p>\n<p><strong>UWAGA! PO ZAKUPIE PROSZ\u0118 SPRAWDZI\u0106, CZY E-MAIL NIE TRAFI\u0141 DO SPAMU.\u00a0<\/strong><\/p>","protected":false},"featured_media":7045,"template":"","meta":[],"product_brand":[],"product_cat":[15],"product_tag":[],"class_list":{"0":"post-7043","1":"product","2":"type-product","3":"status-publish","4":"has-post-thumbnail","6":"product_cat-uncategorized","8":"first","9":"instock","10":"downloadable","11":"virtual","12":"purchasable","13":"product-type-simple"},"_links":{"self":[{"href":"https:\/\/pedagogspecjalny.pl\/en\/wp-json\/wp\/v2\/product\/7043","targetHints":{"allow":["GET"]}}],"collection":[{"href":"https:\/\/pedagogspecjalny.pl\/en\/wp-json\/wp\/v2\/product"}],"about":[{"href":"https:\/\/pedagogspecjalny.pl\/en\/wp-json\/wp\/v2\/types\/product"}],"wp:featuredmedia":[{"embeddable":true,"href":"https:\/\/pedagogspecjalny.pl\/en\/wp-json\/wp\/v2\/media\/7045"}],"wp:attachment":[{"href":"https:\/\/pedagogspecjalny.pl\/en\/wp-json\/wp\/v2\/media?parent=7043"}],"wp:term":[{"taxonomy":"product_brand","embeddable":true,"href":"https:\/\/pedagogspecjalny.pl\/en\/wp-json\/wp\/v2\/product_brand?post=7043"},{"taxonomy":"product_cat","embeddable":true,"href":"https:\/\/pedagogspecjalny.pl\/en\/wp-json\/wp\/v2\/product_cat?post=7043"},{"taxonomy":"product_tag","embeddable":true,"href":"https:\/\/pedagogspecjalny.pl\/en\/wp-json\/wp\/v2\/product_tag?post=7043"}],"curies":[{"name":"wp","href":"https:\/\/api.w.org\/{rel}","templated":true}]}}