{"id":7223,"date":"2025-06-05T07:55:45","date_gmt":"2025-06-05T07:55:45","guid":{"rendered":"https:\/\/pedagogspecjalny.pl\/?post_type=product&#038;p=7223"},"modified":"2025-06-05T07:55:46","modified_gmt":"2025-06-05T07:55:46","slug":"sprawozdanie-z-zajec-wyrownawczych-jezyk-polski","status":"publish","type":"product","link":"https:\/\/pedagogspecjalny.pl\/en\/product\/sprawozdanie-z-zajec-wyrownawczych-jezyk-polski\/","title":{"rendered":"Sprawozdanie z zaj\u0119\u0107 wyr\u00f3wnawczych &#8211; j\u0119zyk polski"},"content":{"rendered":"<p>Dokument w formacie WORD do edycji. Czytelny podzia\u0142 na obszary kszta\u0142cenia, cele i efekty. Dostosowany do klas IV-VIII SP.<\/p>\n<p><strong>UWAGA! PO ZAKUPIE PROSZ\u0118 SPRAWDZI\u0106, CZY E-MAIL NIE TRAFI\u0141 DO SPAMU.\u00a0<\/strong><\/p>","protected":false},"excerpt":{"rendered":"<p>Dokument w formacie WORD do edycji. Czytelny podzia\u0142 na obszary kszta\u0142cenia, cele i efekty. Dostosowany do klas IV-VIII SP.<\/p>\n<p><strong>UWAGA! PO ZAKUPIE PROSZ\u0118 SPRAWDZI\u0106, CZY E-MAIL NIE TRAFI\u0141 DO SPAMU.\u00a0<\/strong><\/p>","protected":false},"featured_media":7225,"template":"","meta":[],"product_brand":[],"product_cat":[15],"product_tag":[],"class_list":{"0":"post-7223","1":"product","2":"type-product","3":"status-publish","4":"has-post-thumbnail","6":"product_cat-uncategorized","8":"first","9":"instock","10":"downloadable","11":"virtual","12":"purchasable","13":"product-type-simple"},"_links":{"self":[{"href":"https:\/\/pedagogspecjalny.pl\/en\/wp-json\/wp\/v2\/product\/7223","targetHints":{"allow":["GET"]}}],"collection":[{"href":"https:\/\/pedagogspecjalny.pl\/en\/wp-json\/wp\/v2\/product"}],"about":[{"href":"https:\/\/pedagogspecjalny.pl\/en\/wp-json\/wp\/v2\/types\/product"}],"wp:featuredmedia":[{"embeddable":true,"href":"https:\/\/pedagogspecjalny.pl\/en\/wp-json\/wp\/v2\/media\/7225"}],"wp:attachment":[{"href":"https:\/\/pedagogspecjalny.pl\/en\/wp-json\/wp\/v2\/media?parent=7223"}],"wp:term":[{"taxonomy":"product_brand","embeddable":true,"href":"https:\/\/pedagogspecjalny.pl\/en\/wp-json\/wp\/v2\/product_brand?post=7223"},{"taxonomy":"product_cat","embeddable":true,"href":"https:\/\/pedagogspecjalny.pl\/en\/wp-json\/wp\/v2\/product_cat?post=7223"},{"taxonomy":"product_tag","embeddable":true,"href":"https:\/\/pedagogspecjalny.pl\/en\/wp-json\/wp\/v2\/product_tag?post=7223"}],"curies":[{"name":"wp","href":"https:\/\/api.w.org\/{rel}","templated":true}]}}