{"id":7805,"date":"2025-06-23T18:25:09","date_gmt":"2025-06-23T18:25:09","guid":{"rendered":"https:\/\/pedagogspecjalny.pl\/?post_type=product&#038;p=7805"},"modified":"2025-06-23T18:25:09","modified_gmt":"2025-06-23T18:25:09","slug":"plan-pracy-wychowawcy-klasowego-4-6","status":"publish","type":"product","link":"https:\/\/pedagogspecjalny.pl\/en\/product\/plan-pracy-wychowawcy-klasowego-4-6\/","title":{"rendered":"Plan pracy wychowawcy klasowego 4-6"},"content":{"rendered":"<p>Plan pracy wychowawcy klasowego opracowany na podstawie kierunk\u00f3w polityki o\u015bwiatowej pa\u0144stwa na rok 2025\/2026. Zawiera: cele wychowawcze, g\u0142\u00f3wne zadania i formy realizacji, sposoby ewaluacji oraz przyk\u0142adow\u0105 list\u0119 wpis\u00f3w do dziennika. Dokument w formacie WORD do edycji.<\/p>\n<p>&nbsp;<\/p>\n<p><strong>UWAGA! PO ZAKUPIE PROSZ\u0118 SPRAWDZI\u0106, CZY E-MAIL NIE TRAFI\u0141 DO SPAMU.\u00a0<\/strong><\/p>","protected":false},"excerpt":{"rendered":"<p>Plan pracy wychowawcy klasowego opracowany na podstawie kierunk\u00f3w polityki o\u015bwiatowej pa\u0144stwa na rok 2025\/2026. Zawiera: cele wychowawcze, g\u0142\u00f3wne zadania i formy realizacji, sposoby ewaluacji oraz przyk\u0142adow\u0105 list\u0119 wpis\u00f3w do dziennika. Dokument w formacie WORD do edycji.<\/p>\n<p>&nbsp;<\/p>\n<p><strong>UWAGA! PO ZAKUPIE PROSZ\u0118 SPRAWDZI\u0106, CZY E-MAIL NIE TRAFI\u0141 DO SPAMU.\u00a0<\/strong><\/p>","protected":false},"featured_media":7809,"template":"","meta":[],"product_brand":[],"product_cat":[15],"product_tag":[],"class_list":{"0":"post-7805","1":"product","2":"type-product","3":"status-publish","4":"has-post-thumbnail","6":"product_cat-uncategorized","8":"first","9":"instock","10":"downloadable","11":"virtual","12":"purchasable","13":"product-type-simple"},"_links":{"self":[{"href":"https:\/\/pedagogspecjalny.pl\/en\/wp-json\/wp\/v2\/product\/7805","targetHints":{"allow":["GET"]}}],"collection":[{"href":"https:\/\/pedagogspecjalny.pl\/en\/wp-json\/wp\/v2\/product"}],"about":[{"href":"https:\/\/pedagogspecjalny.pl\/en\/wp-json\/wp\/v2\/types\/product"}],"wp:featuredmedia":[{"embeddable":true,"href":"https:\/\/pedagogspecjalny.pl\/en\/wp-json\/wp\/v2\/media\/7809"}],"wp:attachment":[{"href":"https:\/\/pedagogspecjalny.pl\/en\/wp-json\/wp\/v2\/media?parent=7805"}],"wp:term":[{"taxonomy":"product_brand","embeddable":true,"href":"https:\/\/pedagogspecjalny.pl\/en\/wp-json\/wp\/v2\/product_brand?post=7805"},{"taxonomy":"product_cat","embeddable":true,"href":"https:\/\/pedagogspecjalny.pl\/en\/wp-json\/wp\/v2\/product_cat?post=7805"},{"taxonomy":"product_tag","embeddable":true,"href":"https:\/\/pedagogspecjalny.pl\/en\/wp-json\/wp\/v2\/product_tag?post=7805"}],"curies":[{"name":"wp","href":"https:\/\/api.w.org\/{rel}","templated":true}]}}