{"id":7814,"date":"2025-06-23T18:29:35","date_gmt":"2025-06-23T18:29:35","guid":{"rendered":"https:\/\/pedagogspecjalny.pl\/?post_type=product&#038;p=7814"},"modified":"2025-06-23T18:29:35","modified_gmt":"2025-06-23T18:29:35","slug":"plan-pracy-swietlicy-szkolnej","status":"publish","type":"product","link":"https:\/\/pedagogspecjalny.pl\/en\/product\/plan-pracy-swietlicy-szkolnej\/","title":{"rendered":"Plan pracy \u015bwietlicy szkolnej"},"content":{"rendered":"<p>Plan pracy \u015bwietlicy szkolnej odpowiedni do realizacji w klasach I-VIII szko\u0142y podstawowej. Zawiera cele, sposoby realizacji, metody i formy pracy oraz propozycje realizacji z podzia\u0142em na tematyczne tygodnie. Dokument WORD do edycji.<\/p>\n<p>&nbsp;<\/p>\n<p><strong>UWAGA! PO ZAKUPIE PROSZ\u0118 SPRAWDZI\u0106, CZY E-MAIL NIE TRAFI\u0141 DO SPAMU.\u00a0<\/strong><\/p>","protected":false},"excerpt":{"rendered":"<p>Plan pracy \u015bwietlicy szkolnej odpowiedni do realizacji w klasach I-VIII szko\u0142y podstawowej. Zawiera cele, sposoby realizacji, metody i formy pracy oraz propozycje realizacji z podzia\u0142em na tematyczne tygodnie. Dokument WORD do edycji.<\/p>\n<p>&nbsp;<\/p>\n<p><strong>UWAGA! PO ZAKUPIE PROSZ\u0118 SPRAWDZI\u0106, CZY E-MAIL NIE TRAFI\u0141 DO SPAMU.<\/strong><\/p>","protected":false},"featured_media":7816,"template":"","meta":[],"product_brand":[],"product_cat":[15],"product_tag":[],"class_list":{"0":"post-7814","1":"product","2":"type-product","3":"status-publish","4":"has-post-thumbnail","6":"product_cat-uncategorized","8":"first","9":"instock","10":"downloadable","11":"virtual","12":"purchasable","13":"product-type-simple"},"_links":{"self":[{"href":"https:\/\/pedagogspecjalny.pl\/en\/wp-json\/wp\/v2\/product\/7814","targetHints":{"allow":["GET"]}}],"collection":[{"href":"https:\/\/pedagogspecjalny.pl\/en\/wp-json\/wp\/v2\/product"}],"about":[{"href":"https:\/\/pedagogspecjalny.pl\/en\/wp-json\/wp\/v2\/types\/product"}],"wp:featuredmedia":[{"embeddable":true,"href":"https:\/\/pedagogspecjalny.pl\/en\/wp-json\/wp\/v2\/media\/7816"}],"wp:attachment":[{"href":"https:\/\/pedagogspecjalny.pl\/en\/wp-json\/wp\/v2\/media?parent=7814"}],"wp:term":[{"taxonomy":"product_brand","embeddable":true,"href":"https:\/\/pedagogspecjalny.pl\/en\/wp-json\/wp\/v2\/product_brand?post=7814"},{"taxonomy":"product_cat","embeddable":true,"href":"https:\/\/pedagogspecjalny.pl\/en\/wp-json\/wp\/v2\/product_cat?post=7814"},{"taxonomy":"product_tag","embeddable":true,"href":"https:\/\/pedagogspecjalny.pl\/en\/wp-json\/wp\/v2\/product_tag?post=7814"}],"curies":[{"name":"wp","href":"https:\/\/api.w.org\/{rel}","templated":true}]}}