{"id":8005,"date":"2025-07-07T08:34:31","date_gmt":"2025-07-07T08:34:31","guid":{"rendered":"https:\/\/pedagogspecjalny.pl\/?post_type=product&#038;p=8005"},"modified":"2025-07-07T08:37:21","modified_gmt":"2025-07-07T08:37:21","slug":"plan-pracy-biblioteki-szkolnej","status":"publish","type":"product","link":"https:\/\/pedagogspecjalny.pl\/en\/product\/plan-pracy-biblioteki-szkolnej\/","title":{"rendered":"Plan pracy biblioteki szkolnej"},"content":{"rendered":"<p>Plan pracy biblioteki szkolnej na rok 2025\/2026 opracowany zgodnie z kierunkami polityki o\u015bwiatowej pa\u0144stwa. Przygotowana przez do\u015bwiadczonego nauczyciela gotowa propozycja do realizacji. Format WORD do edycji. Czytelny podzia\u0142 na zadania og\u00f3lne, szczeg\u00f3\u0142owe, miesi\u0119czny harmonogram dzia\u0142a\u0144 oraz priorytety do pracy.<\/p>\n<p>&nbsp;<\/p>\n<p><strong>UWAGA! PO ZAKUPIE PROSZ\u0118 SPRAWDZI\u0106, CZY E-MAIL NIE TRAFI\u0141 DO SPAMU.\u00a0<\/strong><\/p>","protected":false},"excerpt":{"rendered":"<p>Plan pracy biblioteki szkolnej na rok 2025\/2026 opracowany zgodnie z kierunkami polityki o\u015bwiatowej pa\u0144stwa. Przygotowana przez do\u015bwiadczonego nauczyciela gotowa propozycja do realizacji. Format WORD do edycji. Czytelny podzia\u0142 na zadania og\u00f3lne, szczeg\u00f3\u0142owe, miesi\u0119czny harmonogram dzia\u0142a\u0144 oraz priorytety do pracy.<\/p>\n<p>&nbsp;<\/p>\n<p><strong>UWAGA! PO ZAKUPIE PROSZ\u0118 SPRAWDZI\u0106, CZY E-MAIL NIE TRAFI\u0141 DO SPAMU.\u00a0<\/strong><\/p>","protected":false},"featured_media":8009,"template":"","meta":[],"product_brand":[],"product_cat":[15],"product_tag":[],"class_list":{"0":"post-8005","1":"product","2":"type-product","3":"status-publish","4":"has-post-thumbnail","6":"product_cat-uncategorized","8":"first","9":"instock","10":"downloadable","11":"virtual","12":"purchasable","13":"product-type-simple"},"_links":{"self":[{"href":"https:\/\/pedagogspecjalny.pl\/en\/wp-json\/wp\/v2\/product\/8005","targetHints":{"allow":["GET"]}}],"collection":[{"href":"https:\/\/pedagogspecjalny.pl\/en\/wp-json\/wp\/v2\/product"}],"about":[{"href":"https:\/\/pedagogspecjalny.pl\/en\/wp-json\/wp\/v2\/types\/product"}],"wp:featuredmedia":[{"embeddable":true,"href":"https:\/\/pedagogspecjalny.pl\/en\/wp-json\/wp\/v2\/media\/8009"}],"wp:attachment":[{"href":"https:\/\/pedagogspecjalny.pl\/en\/wp-json\/wp\/v2\/media?parent=8005"}],"wp:term":[{"taxonomy":"product_brand","embeddable":true,"href":"https:\/\/pedagogspecjalny.pl\/en\/wp-json\/wp\/v2\/product_brand?post=8005"},{"taxonomy":"product_cat","embeddable":true,"href":"https:\/\/pedagogspecjalny.pl\/en\/wp-json\/wp\/v2\/product_cat?post=8005"},{"taxonomy":"product_tag","embeddable":true,"href":"https:\/\/pedagogspecjalny.pl\/en\/wp-json\/wp\/v2\/product_tag?post=8005"}],"curies":[{"name":"wp","href":"https:\/\/api.w.org\/{rel}","templated":true}]}}