{"id":8197,"date":"2025-07-18T17:27:06","date_gmt":"2025-07-18T17:27:06","guid":{"rendered":"https:\/\/pedagogspecjalny.pl\/?post_type=product&#038;p=8197"},"modified":"2025-07-18T17:27:06","modified_gmt":"2025-07-18T17:27:06","slug":"scenariusz-pasowania-na-czytelnika","status":"publish","type":"product","link":"https:\/\/pedagogspecjalny.pl\/en\/product\/scenariusz-pasowania-na-czytelnika\/","title":{"rendered":"Scenariusz pasowania na czytelnika"},"content":{"rendered":"<div>Scenariusz pasowania na czytelnika gotowy do realizacji. Format WORD do edycji. Szczeg\u00f3\u0142owy opis aktywno\u015bci, podzia\u0142 na rol\u0119, wskaz\u00f3wki i podpowiedzi, tekst \u015blubowania oraz propozycje 3 aktywno\u015bci dla pierwszoklasist\u00f3w. Dodatkowo wzory 5 dyplom\u00f3w do wydruku.<\/div>\n<div><\/div>\n<div><strong>UWAGA! PO ZAKUPIE PROSZ\u0118 SPRAWDZI\u0106, CZY E-MAIL NIE TRAFI\u0141 DO SPAMU.<\/strong><\/div>","protected":false},"excerpt":{"rendered":"<div>Scenariusz pasowania na czytelnika gotowy do realizacji. Format WORD do edycji. Szczeg\u00f3\u0142owy opis aktywno\u015bci, podzia\u0142 na rol\u0119, wskaz\u00f3wki i podpowiedzi, tekst \u015blubowania oraz propozycje 3 aktywno\u015bci dla pierwszoklasist\u00f3w. Dodatkowo wzory 5 dyplom\u00f3w do wydruku.<\/div>\n<div><\/div>\n<div><strong>UWAGA! PO ZAKUPIE PROSZ\u0118 SPRAWDZI\u0106, CZY E-MAIL NIE TRAFI\u0141 DO SPAMU.<\/strong><\/div>","protected":false},"featured_media":8204,"template":"","meta":[],"product_brand":[],"product_cat":[15],"product_tag":[],"class_list":{"0":"post-8197","1":"product","2":"type-product","3":"status-publish","4":"has-post-thumbnail","6":"product_cat-uncategorized","8":"first","9":"instock","10":"downloadable","11":"virtual","12":"purchasable","13":"product-type-simple"},"_links":{"self":[{"href":"https:\/\/pedagogspecjalny.pl\/en\/wp-json\/wp\/v2\/product\/8197","targetHints":{"allow":["GET"]}}],"collection":[{"href":"https:\/\/pedagogspecjalny.pl\/en\/wp-json\/wp\/v2\/product"}],"about":[{"href":"https:\/\/pedagogspecjalny.pl\/en\/wp-json\/wp\/v2\/types\/product"}],"wp:featuredmedia":[{"embeddable":true,"href":"https:\/\/pedagogspecjalny.pl\/en\/wp-json\/wp\/v2\/media\/8204"}],"wp:attachment":[{"href":"https:\/\/pedagogspecjalny.pl\/en\/wp-json\/wp\/v2\/media?parent=8197"}],"wp:term":[{"taxonomy":"product_brand","embeddable":true,"href":"https:\/\/pedagogspecjalny.pl\/en\/wp-json\/wp\/v2\/product_brand?post=8197"},{"taxonomy":"product_cat","embeddable":true,"href":"https:\/\/pedagogspecjalny.pl\/en\/wp-json\/wp\/v2\/product_cat?post=8197"},{"taxonomy":"product_tag","embeddable":true,"href":"https:\/\/pedagogspecjalny.pl\/en\/wp-json\/wp\/v2\/product_tag?post=8197"}],"curies":[{"name":"wp","href":"https:\/\/api.w.org\/{rel}","templated":true}]}}