{"id":8320,"date":"2025-07-29T08:54:34","date_gmt":"2025-07-29T08:54:34","guid":{"rendered":"https:\/\/pedagogspecjalny.pl\/?post_type=product&#038;p=8320"},"modified":"2025-11-08T16:02:21","modified_gmt":"2025-11-08T16:02:21","slug":"plan-pracy-logopedy-szkolnego","status":"publish","type":"product","link":"https:\/\/pedagogspecjalny.pl\/en\/product\/plan-pracy-logopedy-szkolnego\/","title":{"rendered":"Plan pracy logopedy szkolnego"},"content":{"rendered":"<p>Plan pracy logopedy szkolnego na rok 2025\/2026. Przygotowana przez do\u015bwiadczonego nauczyciela gotowa propozycja do realizacji. Format WORD do edycji. Czytelny podzia\u0142 na cele g\u0142\u00f3wne i szczeg\u00f3\u0142owe, metody i formy pracy z uwzgl\u0119dnieniem rodzaj\u00f3w zaburze\u0144. Dodatkowo zbi\u00f3r regulacji prawnych obowi\u0105zuj\u0105cych w pracy logopedy szkolnego.<\/p>\n<p>&nbsp;<\/p>\n<p><strong>UWAGA! PO ZAKUPIE PROSZ\u0118 SPRAWDZI\u0106, CZY E-MAIL NIE TRAFI\u0141 DO SPAMU.<\/strong><\/p>","protected":false},"excerpt":{"rendered":"<p>Plan pracy logopedy szkolnego na rok 2025\/2026. Przygotowana przez do\u015bwiadczonego nauczyciela gotowa propozycja do realizacji. Format WORD do edycji. Czytelny podzia\u0142 na cele g\u0142\u00f3wne i szczeg\u00f3\u0142owe, metody i formy pracy z uwzgl\u0119dnieniem rodzaj\u00f3w zaburze\u0144. Dodatkowo zbi\u00f3r regulacji prawnych obowi\u0105zuj\u0105cych w pracy logopedy szkolnego.<\/p>\n<p>&nbsp;<\/p>\n<p><strong>UWAGA! PO ZAKUPIE PROSZ\u0118 SPRAWDZI\u0106, CZY E-MAIL NIE TRAFI\u0141 DO SPAMU.<\/strong><\/p>","protected":false},"featured_media":8322,"template":"","meta":[],"product_brand":[],"product_cat":[15],"product_tag":[],"class_list":{"0":"post-8320","1":"product","2":"type-product","3":"status-publish","4":"has-post-thumbnail","6":"product_cat-uncategorized","8":"first","9":"instock","10":"downloadable","11":"virtual","12":"purchasable","13":"product-type-simple"},"_links":{"self":[{"href":"https:\/\/pedagogspecjalny.pl\/en\/wp-json\/wp\/v2\/product\/8320","targetHints":{"allow":["GET"]}}],"collection":[{"href":"https:\/\/pedagogspecjalny.pl\/en\/wp-json\/wp\/v2\/product"}],"about":[{"href":"https:\/\/pedagogspecjalny.pl\/en\/wp-json\/wp\/v2\/types\/product"}],"wp:featuredmedia":[{"embeddable":true,"href":"https:\/\/pedagogspecjalny.pl\/en\/wp-json\/wp\/v2\/media\/8322"}],"wp:attachment":[{"href":"https:\/\/pedagogspecjalny.pl\/en\/wp-json\/wp\/v2\/media?parent=8320"}],"wp:term":[{"taxonomy":"product_brand","embeddable":true,"href":"https:\/\/pedagogspecjalny.pl\/en\/wp-json\/wp\/v2\/product_brand?post=8320"},{"taxonomy":"product_cat","embeddable":true,"href":"https:\/\/pedagogspecjalny.pl\/en\/wp-json\/wp\/v2\/product_cat?post=8320"},{"taxonomy":"product_tag","embeddable":true,"href":"https:\/\/pedagogspecjalny.pl\/en\/wp-json\/wp\/v2\/product_tag?post=8320"}],"curies":[{"name":"wp","href":"https:\/\/api.w.org\/{rel}","templated":true}]}}