{"id":9806,"date":"2025-09-01T10:18:52","date_gmt":"2025-09-01T10:18:52","guid":{"rendered":"https:\/\/pedagogspecjalny.pl\/?post_type=product&#038;p=9806"},"modified":"2025-09-24T18:46:51","modified_gmt":"2025-09-24T18:46:51","slug":"nagranie-szkolenia-rola-nauczyciela-wspolorganizujacego-w-pracy-z-dzieckiem-z-orzeczeniem","status":"publish","type":"product","link":"https:\/\/pedagogspecjalny.pl\/en\/product\/nagranie-szkolenia-rola-nauczyciela-wspolorganizujacego-w-pracy-z-dzieckiem-z-orzeczeniem\/","title":{"rendered":"Nagranie szkolenia &#8222;Rola nauczyciela wsp\u00f3\u0142organizuj\u0105cego w pracy z dzieckiem z orzeczeniem&#8221;"},"content":{"rendered":"<p><strong>\u00a0<\/strong>Szkolenie online dla nauczycieli wsp\u00f3\u0142organizuj\u0105cych rozpoczynaj\u0105cych prac\u0119 w szkole. Uczestnik zdob\u0119dzie wiedz\u0105 teoretyczn\u0105 (om\u00f3wienie akt\u00f3w prawnych, zada\u0144 i obowi\u0105zk\u00f3w) oraz zdob\u0119dzie umiej\u0119tno\u015bci praktyczne do wspomagania uczni\u00f3w z orzeczeniem w klasie.<\/p>\n<p>Po zakupie otrzymasz : <strong>LINK DO NAGRANIA ORAZ CERTYFIKAT.<\/strong><\/p>\n<p>Czas \u2013 1,5h<\/p>\n<p>Program szkolenia:<\/p>\n<ol>\n<li>Przedstawienie podstawy prawnej o nauczycielu wsp\u00f3\u0142organizuj\u0105cym<\/li>\n<li>Om\u00f3wienie zada\u0144 i obowi\u0105zk\u00f3w nauczyciela wsp\u00f3\u0142organizuj\u0105cego<\/li>\n<li><span dir=\"auto\" style=\"vertical-align: inherit;\"><span dir=\"auto\" style=\"vertical-align: inherit;\">WOPFU \/ IPET<\/span><\/span><\/li>\n<li>Jak pracowa\u0107 z dzieckiem z autyzmem?<\/li>\n<li>Reagowanie oraz zapobieganie sytuacjom trudnym podczas lekcji<\/li>\n<li>Wsp\u00f3\u0142praca z rodzicami i nauczycielami<\/li>\n<\/ol>\n<p><strong>UWAGA! PO ZAKUPIE PROSZ\u0118 SPRAWDZI\u0106, CZY E-MAIL NIE TRAFI\u0141 DO SPAMU.<\/strong><\/p>\n<p>&nbsp;<\/p>","protected":false},"excerpt":{"rendered":"<p>Szkolenie online dla nauczycieli wsp\u00f3\u0142organizuj\u0105cych rozpoczynaj\u0105cych prac\u0119 w szkole. Uczestnik zdob\u0119dzie wiedz\u0105 teoretyczn\u0105 (om\u00f3wienie akt\u00f3w prawnych, zada\u0144 i obowi\u0105zk\u00f3w) oraz zdob\u0119dzie umiej\u0119tno\u015bci praktyczne do wspomagania uczni\u00f3w z orzeczeniem w klasie.<\/p>\n<p><span dir=\"auto\" style=\"vertical-align: inherit;\"><span dir=\"auto\" style=\"vertical-align: inherit;\">Po zakupie otrzymasz : <\/span><\/span><strong><span dir=\"auto\" style=\"vertical-align: inherit;\"><span dir=\"auto\" style=\"vertical-align: inherit;\">LINK DO NAGRANIA ORAZ CERTYFIKAT.<\/span><\/span><\/strong><\/p>\n<p><span dir=\"auto\" style=\"vertical-align: inherit;\"><span dir=\"auto\" style=\"vertical-align: inherit;\">Czas \u2013 1,5h<\/span><\/span><\/p>\n<p>Program szkolenia:<\/p>\n<ol>\n<li><span dir=\"auto\" style=\"vertical-align: inherit;\"><span dir=\"auto\" style=\"vertical-align: inherit;\">Przedstawienie podstawy prawnej o nauczycielu wsp\u00f3\u0142organizuj\u0105cym<\/span><\/span><\/li>\n<li><span dir=\"auto\" style=\"vertical-align: inherit;\"><span dir=\"auto\" style=\"vertical-align: inherit;\">Om\u00f3wienie zada\u0144 i obowi\u0105zk\u00f3w nauczyciela wsp\u00f3\u0142organizuj\u0105cego<\/span><\/span><\/li>\n<li><span dir=\"auto\" style=\"vertical-align: inherit;\"><span dir=\"auto\" style=\"vertical-align: inherit;\">WOPFU \/ IPET<\/span><\/span><\/li>\n<li><span dir=\"auto\" style=\"vertical-align: inherit;\"><span dir=\"auto\" style=\"vertical-align: inherit;\">Jak pracowa\u0107 z dzieckiem z autyzmem?<\/span><\/span><\/li>\n<li><span dir=\"auto\" style=\"vertical-align: inherit;\"><span dir=\"auto\" style=\"vertical-align: inherit;\">Reagowanie oraz zapobieganie sytuacjom trudnym podczas lekcji<\/span><\/span><\/li>\n<li><span dir=\"auto\" style=\"vertical-align: inherit;\"><span dir=\"auto\" style=\"vertical-align: inherit;\">Wsp\u00f3\u0142praca z rodzicami i nauczycielami<\/span><\/span><\/li>\n<\/ol>\n<p><strong><span dir=\"auto\" style=\"vertical-align: inherit;\"><span dir=\"auto\" style=\"vertical-align: inherit;\">UWAGA! PO ZAKUPIE PROSZ\u0118 SPRAWDZI\u0106, CZY E-MAIL NIE TRAFI\u0141 DO SPAMU.<\/span><\/span><\/strong><\/p>","protected":false},"featured_media":9031,"template":"","meta":[],"product_brand":[],"product_cat":[15],"product_tag":[],"class_list":{"0":"post-9806","1":"product","2":"type-product","3":"status-publish","4":"has-post-thumbnail","6":"product_cat-uncategorized","8":"first","9":"instock","10":"sale","11":"downloadable","12":"virtual","13":"purchasable","14":"product-type-simple"},"_links":{"self":[{"href":"https:\/\/pedagogspecjalny.pl\/en\/wp-json\/wp\/v2\/product\/9806","targetHints":{"allow":["GET"]}}],"collection":[{"href":"https:\/\/pedagogspecjalny.pl\/en\/wp-json\/wp\/v2\/product"}],"about":[{"href":"https:\/\/pedagogspecjalny.pl\/en\/wp-json\/wp\/v2\/types\/product"}],"wp:featuredmedia":[{"embeddable":true,"href":"https:\/\/pedagogspecjalny.pl\/en\/wp-json\/wp\/v2\/media\/9031"}],"wp:attachment":[{"href":"https:\/\/pedagogspecjalny.pl\/en\/wp-json\/wp\/v2\/media?parent=9806"}],"wp:term":[{"taxonomy":"product_brand","embeddable":true,"href":"https:\/\/pedagogspecjalny.pl\/en\/wp-json\/wp\/v2\/product_brand?post=9806"},{"taxonomy":"product_cat","embeddable":true,"href":"https:\/\/pedagogspecjalny.pl\/en\/wp-json\/wp\/v2\/product_cat?post=9806"},{"taxonomy":"product_tag","embeddable":true,"href":"https:\/\/pedagogspecjalny.pl\/en\/wp-json\/wp\/v2\/product_tag?post=9806"}],"curies":[{"name":"wp","href":"https:\/\/api.w.org\/{rel}","templated":true}]}}